{"id":90851,"date":"2025-08-21T09:48:17","date_gmt":"2025-08-21T14:48:17","guid":{"rendered":"https:\/\/teleprismapromocionales.com\/?post_type=product&#038;p=90851"},"modified":"2025-08-21T09:48:18","modified_gmt":"2025-08-21T14:48:18","slug":"set-de-oficina-desert","status":"publish","type":"product","link":"https:\/\/teleprismapromocionales.com.co\/?product=set-de-oficina-desert","title":{"rendered":"Set de Oficina Desert"},"content":{"rendered":"<p>Set de 6 l\u00e1pices de colores (amarillo, rojo, naranja, verde, negro, azul oscuro) hechos en cart\u00f3n tipo leche (9 X \u00d8 0,5), 1 borrador (1,8 X 3,5 X 1) y 1 bloc de notas de 60 hojas con dise\u00f1o a juego (6,5 X 8,9 X 0,6).<\/p>\n<p>MATERIAL: Tetrapack Recuperado + Madera + Papel<br \/>\nMEDIDAS: Formato: (Ancho X Alto X Profundo): Estuche: (16,7 X 11,3 X 1,5). Peso: 83 gr.<br \/>\n\u00c1REA DE IMPRESI\u00d3N APROXIMADA: Tampo: (7 X 4).<\/p>\n","protected":false},"excerpt":{"rendered":"<p>Set de 6 l\u00e1pices de colores (amarillo, rojo, naranja, verde, negro, azul oscuro) hechos en cart\u00f3n tipo leche (9 X \u00d8 0,5), 1 borrador (1,8 X 3,5 X 1) y 1 bloc de notas de 60 hojas con dise\u00f1o a juego (6,5 X 8,9 X 0,6). MATERIAL: Tetrapack Recuperado + Madera + Papel MEDIDAS: Formato: [&hellip;]<\/p>\n","protected":false},"featured_media":90852,"comment_status":"closed","ping_status":"closed","template":"","meta":[],"product_brand":[],"product_cat":[95,160],"product_tag":[],"class_list":{"0":"post-90851","1":"product","2":"type-product","3":"status-publish","4":"has-post-thumbnail","6":"product_cat-escritura","7":"product_cat-lapices-colores-crayolas","9":"first","10":"instock","11":"shipping-taxable","12":"product-type-simple"},"yoast_head":"<!-- This site is optimized with the Yoast SEO plugin v25.7 - https:\/\/yoast.com\/wordpress\/plugins\/seo\/ -->\n<title>Set de Oficina Desert - ArtIculos Promocionales, Merchandising y Regalos Empresariales<\/title>\n<meta name=\"robots\" content=\"index, follow, max-snippet:-1, max-image-preview:large, max-video-preview:-1\" \/>\n<link rel=\"canonical\" href=\"https:\/\/teleprismapromocionales.com.co\/?product=set-de-oficina-desert\" \/>\n<meta property=\"og:locale\" content=\"es_ES\" \/>\n<meta property=\"og:type\" content=\"article\" \/>\n<meta property=\"og:title\" content=\"Set de Oficina Desert - ArtIculos Promocionales, Merchandising y Regalos Empresariales\" \/>\n<meta property=\"og:description\" content=\"Set de 6 l\u00e1pices de colores (amarillo, rojo, naranja, verde, negro, azul oscuro) hechos en cart\u00f3n tipo leche (9 X \u00d8 0,5), 1 borrador (1,8 X 3,5 X 1) y 1 bloc de notas de 60 hojas con dise\u00f1o a juego (6,5 X 8,9 X 0,6). MATERIAL: Tetrapack Recuperado + Madera + Papel MEDIDAS: Formato: [&hellip;]\" \/>\n<meta property=\"og:url\" content=\"https:\/\/teleprismapromocionales.com.co\/?product=set-de-oficina-desert\" \/>\n<meta property=\"og:site_name\" content=\"ArtIculos Promocionales, Merchandising y Regalos Empresariales\" \/>\n<meta property=\"article:publisher\" content=\"https:\/\/www.facebook.com\/Teleprisma-SAS-104012264626964\/\" \/>\n<meta property=\"article:modified_time\" content=\"2025-08-21T14:48:18+00:00\" \/>\n<meta property=\"og:image\" content=\"https:\/\/teleprismapromocionales.com.co\/wp-content\/uploads\/2025\/08\/3038965.jpg\" \/>\n\t<meta property=\"og:image:width\" content=\"1500\" \/>\n\t<meta property=\"og:image:height\" content=\"1069\" \/>\n\t<meta property=\"og:image:type\" content=\"image\/jpeg\" \/>\n<meta name=\"twitter:card\" content=\"summary_large_image\" \/>\n<script type=\"application\/ld+json\" class=\"yoast-schema-graph\">{\"@context\":\"https:\/\/schema.org\",\"@graph\":[{\"@type\":\"WebPage\",\"@id\":\"https:\/\/teleprismapromocionales.com.co\/?product=set-de-oficina-desert\",\"url\":\"https:\/\/teleprismapromocionales.com.co\/?product=set-de-oficina-desert\",\"name\":\"Set de Oficina Desert - ArtIculos Promocionales, Merchandising y Regalos Empresariales\",\"isPartOf\":{\"@id\":\"https:\/\/teleprismapromocionales.com.co\/#website\"},\"primaryImageOfPage\":{\"@id\":\"https:\/\/teleprismapromocionales.com.co\/?product=set-de-oficina-desert#primaryimage\"},\"image\":{\"@id\":\"https:\/\/teleprismapromocionales.com.co\/?product=set-de-oficina-desert#primaryimage\"},\"thumbnailUrl\":\"https:\/\/teleprismapromocionales.com.co\/wp-content\/uploads\/2025\/08\/3038965.jpg\",\"datePublished\":\"2025-08-21T14:48:17+00:00\",\"dateModified\":\"2025-08-21T14:48:18+00:00\",\"breadcrumb\":{\"@id\":\"https:\/\/teleprismapromocionales.com.co\/?product=set-de-oficina-desert#breadcrumb\"},\"inLanguage\":\"es-CO\",\"potentialAction\":[{\"@type\":\"ReadAction\",\"target\":[\"https:\/\/teleprismapromocionales.com.co\/?product=set-de-oficina-desert\"]}]},{\"@type\":\"ImageObject\",\"inLanguage\":\"es-CO\",\"@id\":\"https:\/\/teleprismapromocionales.com.co\/?product=set-de-oficina-desert#primaryimage\",\"url\":\"https:\/\/teleprismapromocionales.com.co\/wp-content\/uploads\/2025\/08\/3038965.jpg\",\"contentUrl\":\"https:\/\/teleprismapromocionales.com.co\/wp-content\/uploads\/2025\/08\/3038965.jpg\",\"width\":1500,\"height\":1069},{\"@type\":\"BreadcrumbList\",\"@id\":\"https:\/\/teleprismapromocionales.com.co\/?product=set-de-oficina-desert#breadcrumb\",\"itemListElement\":[{\"@type\":\"ListItem\",\"position\":1,\"name\":\"Home\",\"item\":\"https:\/\/teleprismapromocionales.com.co\/\"},{\"@type\":\"ListItem\",\"position\":2,\"name\":\"Productos\",\"item\":\"https:\/\/teleprismapromocionales.com.co\/?page_id=24\"},{\"@type\":\"ListItem\",\"position\":3,\"name\":\"Set de Oficina Desert\"}]},{\"@type\":\"WebSite\",\"@id\":\"https:\/\/teleprismapromocionales.com.co\/#website\",\"url\":\"https:\/\/teleprismapromocionales.com.co\/\",\"name\":\"ArtIculos Promocionales, Merchandising y Regalos Empresariales\",\"description\":\"Art\u00edculos Promocionales, Merchandising, ropa publicitaria, Dummies, Piezas POP, Regalos Empresariales e Impresi\u00f3n Digital y Litogr\u00e1fica\",\"publisher\":{\"@id\":\"https:\/\/teleprismapromocionales.com.co\/#organization\"},\"potentialAction\":[{\"@type\":\"SearchAction\",\"target\":{\"@type\":\"EntryPoint\",\"urlTemplate\":\"https:\/\/teleprismapromocionales.com.co\/?s={search_term_string}\"},\"query-input\":{\"@type\":\"PropertyValueSpecification\",\"valueRequired\":true,\"valueName\":\"search_term_string\"}}],\"inLanguage\":\"es-CO\"},{\"@type\":\"Organization\",\"@id\":\"https:\/\/teleprismapromocionales.com.co\/#organization\",\"name\":\"Teleprisma promocionales\",\"url\":\"https:\/\/teleprismapromocionales.com.co\/\",\"logo\":{\"@type\":\"ImageObject\",\"inLanguage\":\"es-CO\",\"@id\":\"https:\/\/teleprismapromocionales.com.co\/#\/schema\/logo\/image\/\",\"url\":\"https:\/\/teleprismapromocionales.com\/wp-content\/uploads\/2019\/12\/logo.png\",\"contentUrl\":\"https:\/\/teleprismapromocionales.com\/wp-content\/uploads\/2019\/12\/logo.png\",\"width\":202,\"height\":50,\"caption\":\"Teleprisma promocionales\"},\"image\":{\"@id\":\"https:\/\/teleprismapromocionales.com.co\/#\/schema\/logo\/image\/\"},\"sameAs\":[\"https:\/\/www.facebook.com\/Teleprisma-SAS-104012264626964\/\"]}]}<\/script>\n<!-- \/ Yoast SEO plugin. -->","yoast_head_json":{"title":"Set de Oficina Desert - ArtIculos Promocionales, Merchandising y Regalos Empresariales","robots":{"index":"index","follow":"follow","max-snippet":"max-snippet:-1","max-image-preview":"max-image-preview:large","max-video-preview":"max-video-preview:-1"},"canonical":"https:\/\/teleprismapromocionales.com.co\/?product=set-de-oficina-desert","og_locale":"es_ES","og_type":"article","og_title":"Set de Oficina Desert - ArtIculos Promocionales, Merchandising y Regalos Empresariales","og_description":"Set de 6 l\u00e1pices de colores (amarillo, rojo, naranja, verde, negro, azul oscuro) hechos en cart\u00f3n tipo leche (9 X \u00d8 0,5), 1 borrador (1,8 X 3,5 X 1) y 1 bloc de notas de 60 hojas con dise\u00f1o a juego (6,5 X 8,9 X 0,6). MATERIAL: Tetrapack Recuperado + Madera + Papel MEDIDAS: Formato: [&hellip;]","og_url":"https:\/\/teleprismapromocionales.com.co\/?product=set-de-oficina-desert","og_site_name":"ArtIculos Promocionales, Merchandising y Regalos Empresariales","article_publisher":"https:\/\/www.facebook.com\/Teleprisma-SAS-104012264626964\/","article_modified_time":"2025-08-21T14:48:18+00:00","og_image":[{"width":1500,"height":1069,"url":"https:\/\/teleprismapromocionales.com.co\/wp-content\/uploads\/2025\/08\/3038965.jpg","type":"image\/jpeg"}],"twitter_card":"summary_large_image","schema":{"@context":"https:\/\/schema.org","@graph":[{"@type":"WebPage","@id":"https:\/\/teleprismapromocionales.com.co\/?product=set-de-oficina-desert","url":"https:\/\/teleprismapromocionales.com.co\/?product=set-de-oficina-desert","name":"Set de Oficina Desert - ArtIculos Promocionales, Merchandising y Regalos Empresariales","isPartOf":{"@id":"https:\/\/teleprismapromocionales.com.co\/#website"},"primaryImageOfPage":{"@id":"https:\/\/teleprismapromocionales.com.co\/?product=set-de-oficina-desert#primaryimage"},"image":{"@id":"https:\/\/teleprismapromocionales.com.co\/?product=set-de-oficina-desert#primaryimage"},"thumbnailUrl":"https:\/\/teleprismapromocionales.com.co\/wp-content\/uploads\/2025\/08\/3038965.jpg","datePublished":"2025-08-21T14:48:17+00:00","dateModified":"2025-08-21T14:48:18+00:00","breadcrumb":{"@id":"https:\/\/teleprismapromocionales.com.co\/?product=set-de-oficina-desert#breadcrumb"},"inLanguage":"es-CO","potentialAction":[{"@type":"ReadAction","target":["https:\/\/teleprismapromocionales.com.co\/?product=set-de-oficina-desert"]}]},{"@type":"ImageObject","inLanguage":"es-CO","@id":"https:\/\/teleprismapromocionales.com.co\/?product=set-de-oficina-desert#primaryimage","url":"https:\/\/teleprismapromocionales.com.co\/wp-content\/uploads\/2025\/08\/3038965.jpg","contentUrl":"https:\/\/teleprismapromocionales.com.co\/wp-content\/uploads\/2025\/08\/3038965.jpg","width":1500,"height":1069},{"@type":"BreadcrumbList","@id":"https:\/\/teleprismapromocionales.com.co\/?product=set-de-oficina-desert#breadcrumb","itemListElement":[{"@type":"ListItem","position":1,"name":"Home","item":"https:\/\/teleprismapromocionales.com.co\/"},{"@type":"ListItem","position":2,"name":"Productos","item":"https:\/\/teleprismapromocionales.com.co\/?page_id=24"},{"@type":"ListItem","position":3,"name":"Set de Oficina Desert"}]},{"@type":"WebSite","@id":"https:\/\/teleprismapromocionales.com.co\/#website","url":"https:\/\/teleprismapromocionales.com.co\/","name":"ArtIculos Promocionales, Merchandising y Regalos Empresariales","description":"Art\u00edculos Promocionales, Merchandising, ropa publicitaria, Dummies, Piezas POP, Regalos Empresariales e Impresi\u00f3n Digital y Litogr\u00e1fica","publisher":{"@id":"https:\/\/teleprismapromocionales.com.co\/#organization"},"potentialAction":[{"@type":"SearchAction","target":{"@type":"EntryPoint","urlTemplate":"https:\/\/teleprismapromocionales.com.co\/?s={search_term_string}"},"query-input":{"@type":"PropertyValueSpecification","valueRequired":true,"valueName":"search_term_string"}}],"inLanguage":"es-CO"},{"@type":"Organization","@id":"https:\/\/teleprismapromocionales.com.co\/#organization","name":"Teleprisma promocionales","url":"https:\/\/teleprismapromocionales.com.co\/","logo":{"@type":"ImageObject","inLanguage":"es-CO","@id":"https:\/\/teleprismapromocionales.com.co\/#\/schema\/logo\/image\/","url":"https:\/\/teleprismapromocionales.com\/wp-content\/uploads\/2019\/12\/logo.png","contentUrl":"https:\/\/teleprismapromocionales.com\/wp-content\/uploads\/2019\/12\/logo.png","width":202,"height":50,"caption":"Teleprisma promocionales"},"image":{"@id":"https:\/\/teleprismapromocionales.com.co\/#\/schema\/logo\/image\/"},"sameAs":["https:\/\/www.facebook.com\/Teleprisma-SAS-104012264626964\/"]}]}},"_links":{"self":[{"href":"https:\/\/teleprismapromocionales.com.co\/index.php?rest_route=\/wp\/v2\/product\/90851","targetHints":{"allow":["GET"]}}],"collection":[{"href":"https:\/\/teleprismapromocionales.com.co\/index.php?rest_route=\/wp\/v2\/product"}],"about":[{"href":"https:\/\/teleprismapromocionales.com.co\/index.php?rest_route=\/wp\/v2\/types\/product"}],"replies":[{"embeddable":true,"href":"https:\/\/teleprismapromocionales.com.co\/index.php?rest_route=%2Fwp%2Fv2%2Fcomments&post=90851"}],"wp:featuredmedia":[{"embeddable":true,"href":"https:\/\/teleprismapromocionales.com.co\/index.php?rest_route=\/wp\/v2\/media\/90852"}],"wp:attachment":[{"href":"https:\/\/teleprismapromocionales.com.co\/index.php?rest_route=%2Fwp%2Fv2%2Fmedia&parent=90851"}],"wp:term":[{"taxonomy":"product_brand","embeddable":true,"href":"https:\/\/teleprismapromocionales.com.co\/index.php?rest_route=%2Fwp%2Fv2%2Fproduct_brand&post=90851"},{"taxonomy":"product_cat","embeddable":true,"href":"https:\/\/teleprismapromocionales.com.co\/index.php?rest_route=%2Fwp%2Fv2%2Fproduct_cat&post=90851"},{"taxonomy":"product_tag","embeddable":true,"href":"https:\/\/teleprismapromocionales.com.co\/index.php?rest_route=%2Fwp%2Fv2%2Fproduct_tag&post=90851"}],"curies":[{"name":"wp","href":"https:\/\/api.w.org\/{rel}","templated":true}]}}