{"id":90224,"date":"2025-07-22T14:09:42","date_gmt":"2025-07-22T19:09:42","guid":{"rendered":"https:\/\/teleprismapromocionales.com\/?post_type=product&#038;p=90224"},"modified":"2025-07-22T14:09:43","modified_gmt":"2025-07-22T19:09:43","slug":"boligrafo-miami-blanco","status":"publish","type":"product","link":"https:\/\/teleprismapromocionales.com.co\/?product=boligrafo-miami-blanco","title":{"rendered":"Bol\u00edgrafo Miami Blanco"},"content":{"rendered":"<p>Bol\u00edgrafo Cuerpo blanco s\u00f3lido, clip y empujador, empu\u00f1adura y adornos de color. Sistema de apertura retr\u00e1ctil. (Bol\u00edgrafo\/Esfero)<\/p>\n<p>MATERIAL: ABS<br \/>\nMEDIDAS: 13,5 cm X 1 cm<br \/>\n\u00c1REA DE IMPRESI\u00d3N APROXIMADA: Tampo: 6 cm x 7 mm<br \/>\nMARCA: SE SUGIERE: Tampografia Boligrafos pl\u00e1sticos hasta 5 tintas<\/p>\n","protected":false},"excerpt":{"rendered":"<p>Bol\u00edgrafo Cuerpo blanco s\u00f3lido, clip y empujador, empu\u00f1adura y adornos de color. Sistema de apertura retr\u00e1ctil. (Bol\u00edgrafo\/Esfero) MATERIAL: ABS MEDIDAS: 13,5 cm X 1 cm \u00c1REA DE IMPRESI\u00d3N APROXIMADA: Tampo: 6 cm x 7 mm MARCA: SE SUGIERE: Tampografia Boligrafos pl\u00e1sticos hasta 5 tintas<\/p>\n","protected":false},"featured_media":90225,"comment_status":"closed","ping_status":"closed","template":"","meta":[],"product_brand":[],"product_cat":[95,118],"product_tag":[],"class_list":{"0":"post-90224","1":"product","2":"type-product","3":"status-publish","4":"has-post-thumbnail","6":"product_cat-escritura","7":"product_cat-boligrafos-plasticos","9":"first","10":"instock","11":"shipping-taxable","12":"product-type-simple"},"yoast_head":"<!-- This site is optimized with the Yoast SEO plugin v25.7 - https:\/\/yoast.com\/wordpress\/plugins\/seo\/ -->\n<title>Bol\u00edgrafo Miami Blanco - ArtIculos Promocionales, Merchandising y Regalos Empresariales<\/title>\n<meta name=\"robots\" content=\"index, follow, max-snippet:-1, max-image-preview:large, max-video-preview:-1\" \/>\n<link rel=\"canonical\" href=\"https:\/\/teleprismapromocionales.com.co\/?product=boligrafo-miami-blanco\" \/>\n<meta property=\"og:locale\" content=\"es_ES\" \/>\n<meta property=\"og:type\" content=\"article\" \/>\n<meta property=\"og:title\" content=\"Bol\u00edgrafo Miami Blanco - ArtIculos Promocionales, Merchandising y Regalos Empresariales\" \/>\n<meta property=\"og:description\" content=\"Bol\u00edgrafo Cuerpo blanco s\u00f3lido, clip y empujador, empu\u00f1adura y adornos de color. Sistema de apertura retr\u00e1ctil. (Bol\u00edgrafo\/Esfero) MATERIAL: ABS MEDIDAS: 13,5 cm X 1 cm \u00c1REA DE IMPRESI\u00d3N APROXIMADA: Tampo: 6 cm x 7 mm MARCA: SE SUGIERE: Tampografia Boligrafos pl\u00e1sticos hasta 5 tintas\" \/>\n<meta property=\"og:url\" content=\"https:\/\/teleprismapromocionales.com.co\/?product=boligrafo-miami-blanco\" \/>\n<meta property=\"og:site_name\" content=\"ArtIculos Promocionales, Merchandising y Regalos Empresariales\" \/>\n<meta property=\"article:publisher\" content=\"https:\/\/www.facebook.com\/Teleprisma-SAS-104012264626964\/\" \/>\n<meta property=\"article:modified_time\" content=\"2025-07-22T19:09:43+00:00\" \/>\n<meta property=\"og:image\" content=\"https:\/\/teleprismapromocionales.com.co\/wp-content\/uploads\/2025\/07\/3038883.jpg\" \/>\n\t<meta property=\"og:image:width\" content=\"1500\" \/>\n\t<meta property=\"og:image:height\" content=\"1069\" \/>\n\t<meta property=\"og:image:type\" content=\"image\/jpeg\" \/>\n<meta name=\"twitter:card\" content=\"summary_large_image\" \/>\n<meta name=\"twitter:label1\" content=\"Tiempo de lectura\" \/>\n\t<meta name=\"twitter:data1\" content=\"1 minuto\" \/>\n<script type=\"application\/ld+json\" class=\"yoast-schema-graph\">{\"@context\":\"https:\/\/schema.org\",\"@graph\":[{\"@type\":\"WebPage\",\"@id\":\"https:\/\/teleprismapromocionales.com.co\/?product=boligrafo-miami-blanco\",\"url\":\"https:\/\/teleprismapromocionales.com.co\/?product=boligrafo-miami-blanco\",\"name\":\"Bol\u00edgrafo Miami Blanco - ArtIculos Promocionales, Merchandising y Regalos Empresariales\",\"isPartOf\":{\"@id\":\"https:\/\/teleprismapromocionales.com.co\/#website\"},\"primaryImageOfPage\":{\"@id\":\"https:\/\/teleprismapromocionales.com.co\/?product=boligrafo-miami-blanco#primaryimage\"},\"image\":{\"@id\":\"https:\/\/teleprismapromocionales.com.co\/?product=boligrafo-miami-blanco#primaryimage\"},\"thumbnailUrl\":\"https:\/\/teleprismapromocionales.com.co\/wp-content\/uploads\/2025\/07\/3038883.jpg\",\"datePublished\":\"2025-07-22T19:09:42+00:00\",\"dateModified\":\"2025-07-22T19:09:43+00:00\",\"breadcrumb\":{\"@id\":\"https:\/\/teleprismapromocionales.com.co\/?product=boligrafo-miami-blanco#breadcrumb\"},\"inLanguage\":\"es-CO\",\"potentialAction\":[{\"@type\":\"ReadAction\",\"target\":[\"https:\/\/teleprismapromocionales.com.co\/?product=boligrafo-miami-blanco\"]}]},{\"@type\":\"ImageObject\",\"inLanguage\":\"es-CO\",\"@id\":\"https:\/\/teleprismapromocionales.com.co\/?product=boligrafo-miami-blanco#primaryimage\",\"url\":\"https:\/\/teleprismapromocionales.com.co\/wp-content\/uploads\/2025\/07\/3038883.jpg\",\"contentUrl\":\"https:\/\/teleprismapromocionales.com.co\/wp-content\/uploads\/2025\/07\/3038883.jpg\",\"width\":1500,\"height\":1069},{\"@type\":\"BreadcrumbList\",\"@id\":\"https:\/\/teleprismapromocionales.com.co\/?product=boligrafo-miami-blanco#breadcrumb\",\"itemListElement\":[{\"@type\":\"ListItem\",\"position\":1,\"name\":\"Home\",\"item\":\"https:\/\/teleprismapromocionales.com.co\/\"},{\"@type\":\"ListItem\",\"position\":2,\"name\":\"Productos\",\"item\":\"https:\/\/teleprismapromocionales.com.co\/?page_id=24\"},{\"@type\":\"ListItem\",\"position\":3,\"name\":\"Bol\u00edgrafo Miami Blanco\"}]},{\"@type\":\"WebSite\",\"@id\":\"https:\/\/teleprismapromocionales.com.co\/#website\",\"url\":\"https:\/\/teleprismapromocionales.com.co\/\",\"name\":\"ArtIculos Promocionales, Merchandising y Regalos Empresariales\",\"description\":\"Art\u00edculos Promocionales, Merchandising, ropa publicitaria, Dummies, Piezas POP, Regalos Empresariales e Impresi\u00f3n Digital y Litogr\u00e1fica\",\"publisher\":{\"@id\":\"https:\/\/teleprismapromocionales.com.co\/#organization\"},\"potentialAction\":[{\"@type\":\"SearchAction\",\"target\":{\"@type\":\"EntryPoint\",\"urlTemplate\":\"https:\/\/teleprismapromocionales.com.co\/?s={search_term_string}\"},\"query-input\":{\"@type\":\"PropertyValueSpecification\",\"valueRequired\":true,\"valueName\":\"search_term_string\"}}],\"inLanguage\":\"es-CO\"},{\"@type\":\"Organization\",\"@id\":\"https:\/\/teleprismapromocionales.com.co\/#organization\",\"name\":\"Teleprisma promocionales\",\"url\":\"https:\/\/teleprismapromocionales.com.co\/\",\"logo\":{\"@type\":\"ImageObject\",\"inLanguage\":\"es-CO\",\"@id\":\"https:\/\/teleprismapromocionales.com.co\/#\/schema\/logo\/image\/\",\"url\":\"https:\/\/teleprismapromocionales.com\/wp-content\/uploads\/2019\/12\/logo.png\",\"contentUrl\":\"https:\/\/teleprismapromocionales.com\/wp-content\/uploads\/2019\/12\/logo.png\",\"width\":202,\"height\":50,\"caption\":\"Teleprisma promocionales\"},\"image\":{\"@id\":\"https:\/\/teleprismapromocionales.com.co\/#\/schema\/logo\/image\/\"},\"sameAs\":[\"https:\/\/www.facebook.com\/Teleprisma-SAS-104012264626964\/\"]}]}<\/script>\n<!-- \/ Yoast SEO plugin. -->","yoast_head_json":{"title":"Bol\u00edgrafo Miami Blanco - ArtIculos Promocionales, Merchandising y Regalos Empresariales","robots":{"index":"index","follow":"follow","max-snippet":"max-snippet:-1","max-image-preview":"max-image-preview:large","max-video-preview":"max-video-preview:-1"},"canonical":"https:\/\/teleprismapromocionales.com.co\/?product=boligrafo-miami-blanco","og_locale":"es_ES","og_type":"article","og_title":"Bol\u00edgrafo Miami Blanco - ArtIculos Promocionales, Merchandising y Regalos Empresariales","og_description":"Bol\u00edgrafo Cuerpo blanco s\u00f3lido, clip y empujador, empu\u00f1adura y adornos de color. Sistema de apertura retr\u00e1ctil. (Bol\u00edgrafo\/Esfero) MATERIAL: ABS MEDIDAS: 13,5 cm X 1 cm \u00c1REA DE IMPRESI\u00d3N APROXIMADA: Tampo: 6 cm x 7 mm MARCA: SE SUGIERE: Tampografia Boligrafos pl\u00e1sticos hasta 5 tintas","og_url":"https:\/\/teleprismapromocionales.com.co\/?product=boligrafo-miami-blanco","og_site_name":"ArtIculos Promocionales, Merchandising y Regalos Empresariales","article_publisher":"https:\/\/www.facebook.com\/Teleprisma-SAS-104012264626964\/","article_modified_time":"2025-07-22T19:09:43+00:00","og_image":[{"width":1500,"height":1069,"url":"https:\/\/teleprismapromocionales.com.co\/wp-content\/uploads\/2025\/07\/3038883.jpg","type":"image\/jpeg"}],"twitter_card":"summary_large_image","twitter_misc":{"Tiempo de lectura":"1 minuto"},"schema":{"@context":"https:\/\/schema.org","@graph":[{"@type":"WebPage","@id":"https:\/\/teleprismapromocionales.com.co\/?product=boligrafo-miami-blanco","url":"https:\/\/teleprismapromocionales.com.co\/?product=boligrafo-miami-blanco","name":"Bol\u00edgrafo Miami Blanco - ArtIculos Promocionales, Merchandising y Regalos Empresariales","isPartOf":{"@id":"https:\/\/teleprismapromocionales.com.co\/#website"},"primaryImageOfPage":{"@id":"https:\/\/teleprismapromocionales.com.co\/?product=boligrafo-miami-blanco#primaryimage"},"image":{"@id":"https:\/\/teleprismapromocionales.com.co\/?product=boligrafo-miami-blanco#primaryimage"},"thumbnailUrl":"https:\/\/teleprismapromocionales.com.co\/wp-content\/uploads\/2025\/07\/3038883.jpg","datePublished":"2025-07-22T19:09:42+00:00","dateModified":"2025-07-22T19:09:43+00:00","breadcrumb":{"@id":"https:\/\/teleprismapromocionales.com.co\/?product=boligrafo-miami-blanco#breadcrumb"},"inLanguage":"es-CO","potentialAction":[{"@type":"ReadAction","target":["https:\/\/teleprismapromocionales.com.co\/?product=boligrafo-miami-blanco"]}]},{"@type":"ImageObject","inLanguage":"es-CO","@id":"https:\/\/teleprismapromocionales.com.co\/?product=boligrafo-miami-blanco#primaryimage","url":"https:\/\/teleprismapromocionales.com.co\/wp-content\/uploads\/2025\/07\/3038883.jpg","contentUrl":"https:\/\/teleprismapromocionales.com.co\/wp-content\/uploads\/2025\/07\/3038883.jpg","width":1500,"height":1069},{"@type":"BreadcrumbList","@id":"https:\/\/teleprismapromocionales.com.co\/?product=boligrafo-miami-blanco#breadcrumb","itemListElement":[{"@type":"ListItem","position":1,"name":"Home","item":"https:\/\/teleprismapromocionales.com.co\/"},{"@type":"ListItem","position":2,"name":"Productos","item":"https:\/\/teleprismapromocionales.com.co\/?page_id=24"},{"@type":"ListItem","position":3,"name":"Bol\u00edgrafo Miami Blanco"}]},{"@type":"WebSite","@id":"https:\/\/teleprismapromocionales.com.co\/#website","url":"https:\/\/teleprismapromocionales.com.co\/","name":"ArtIculos Promocionales, Merchandising y Regalos Empresariales","description":"Art\u00edculos Promocionales, Merchandising, ropa publicitaria, Dummies, Piezas POP, Regalos Empresariales e Impresi\u00f3n Digital y Litogr\u00e1fica","publisher":{"@id":"https:\/\/teleprismapromocionales.com.co\/#organization"},"potentialAction":[{"@type":"SearchAction","target":{"@type":"EntryPoint","urlTemplate":"https:\/\/teleprismapromocionales.com.co\/?s={search_term_string}"},"query-input":{"@type":"PropertyValueSpecification","valueRequired":true,"valueName":"search_term_string"}}],"inLanguage":"es-CO"},{"@type":"Organization","@id":"https:\/\/teleprismapromocionales.com.co\/#organization","name":"Teleprisma promocionales","url":"https:\/\/teleprismapromocionales.com.co\/","logo":{"@type":"ImageObject","inLanguage":"es-CO","@id":"https:\/\/teleprismapromocionales.com.co\/#\/schema\/logo\/image\/","url":"https:\/\/teleprismapromocionales.com\/wp-content\/uploads\/2019\/12\/logo.png","contentUrl":"https:\/\/teleprismapromocionales.com\/wp-content\/uploads\/2019\/12\/logo.png","width":202,"height":50,"caption":"Teleprisma promocionales"},"image":{"@id":"https:\/\/teleprismapromocionales.com.co\/#\/schema\/logo\/image\/"},"sameAs":["https:\/\/www.facebook.com\/Teleprisma-SAS-104012264626964\/"]}]}},"_links":{"self":[{"href":"https:\/\/teleprismapromocionales.com.co\/index.php?rest_route=\/wp\/v2\/product\/90224","targetHints":{"allow":["GET"]}}],"collection":[{"href":"https:\/\/teleprismapromocionales.com.co\/index.php?rest_route=\/wp\/v2\/product"}],"about":[{"href":"https:\/\/teleprismapromocionales.com.co\/index.php?rest_route=\/wp\/v2\/types\/product"}],"replies":[{"embeddable":true,"href":"https:\/\/teleprismapromocionales.com.co\/index.php?rest_route=%2Fwp%2Fv2%2Fcomments&post=90224"}],"wp:featuredmedia":[{"embeddable":true,"href":"https:\/\/teleprismapromocionales.com.co\/index.php?rest_route=\/wp\/v2\/media\/90225"}],"wp:attachment":[{"href":"https:\/\/teleprismapromocionales.com.co\/index.php?rest_route=%2Fwp%2Fv2%2Fmedia&parent=90224"}],"wp:term":[{"taxonomy":"product_brand","embeddable":true,"href":"https:\/\/teleprismapromocionales.com.co\/index.php?rest_route=%2Fwp%2Fv2%2Fproduct_brand&post=90224"},{"taxonomy":"product_cat","embeddable":true,"href":"https:\/\/teleprismapromocionales.com.co\/index.php?rest_route=%2Fwp%2Fv2%2Fproduct_cat&post=90224"},{"taxonomy":"product_tag","embeddable":true,"href":"https:\/\/teleprismapromocionales.com.co\/index.php?rest_route=%2Fwp%2Fv2%2Fproduct_tag&post=90224"}],"curies":[{"name":"wp","href":"https:\/\/api.w.org\/{rel}","templated":true}]}}