{"id":89637,"date":"2025-05-20T15:04:06","date_gmt":"2025-05-20T20:04:06","guid":{"rendered":"https:\/\/teleprismapromocionales.com\/?post_type=product&#038;p=89637"},"modified":"2025-05-20T15:04:06","modified_gmt":"2025-05-20T20:04:06","slug":"morral-para-portatil-future","status":"publish","type":"product","link":"https:\/\/teleprismapromocionales.com.co\/?product=morral-para-portatil-future","title":{"rendered":"Morral para Portatil future"},"content":{"rendered":"<p>Este morral manos libres est\u00e1 dise\u00f1ado para transportar tu port\u00e1til con comodidad y seguridad. Incluye un bolsillo interior forrado en tela polar que protege tu dispositivo. En la parte frontal, cuenta con un bolsillo con cremallera que alberga compartimentos internos para organizar tus accesorios. La correa es ajustable y desmontable, gracias a los ganchos situados en ambos extremos, permitiendo adaptarla a la longitud deseada o retirarla seg\u00fan tus necesidades.<\/p>\n<p>MATERIAL: Poliester 600D<br \/>\nMEDIDAS: 23 cm X 32 cm X 4,5 cm Correa: 85 cm<\/p>\n","protected":false},"excerpt":{"rendered":"<p>Este morral manos libres est\u00e1 dise\u00f1ado para transportar tu port\u00e1til con comodidad y seguridad. Incluye un bolsillo interior forrado en tela polar que protege tu dispositivo. En la parte frontal, cuenta con un bolsillo con cremallera que alberga compartimentos internos para organizar tus accesorios. La correa es ajustable y desmontable, gracias a los ganchos situados [&hellip;]<\/p>\n","protected":false},"featured_media":89638,"comment_status":"closed","ping_status":"closed","template":"","meta":[],"product_brand":[],"product_cat":[94,153,117],"product_tag":[],"class_list":{"0":"post-89637","1":"product","2":"type-product","3":"status-publish","4":"has-post-thumbnail","6":"product_cat-bolsos-maletas-y-morrales","7":"product_cat-manos-libres","8":"product_cat-morrales","10":"first","11":"instock","12":"shipping-taxable","13":"product-type-simple"},"yoast_head":"<!-- This site is optimized with the Yoast SEO plugin v25.7 - https:\/\/yoast.com\/wordpress\/plugins\/seo\/ -->\n<title>Morral para Portatil future - ArtIculos Promocionales, Merchandising y Regalos Empresariales<\/title>\n<meta name=\"robots\" content=\"index, follow, max-snippet:-1, max-image-preview:large, max-video-preview:-1\" \/>\n<link rel=\"canonical\" href=\"https:\/\/teleprismapromocionales.com.co\/?product=morral-para-portatil-future\" \/>\n<meta property=\"og:locale\" content=\"es_ES\" \/>\n<meta property=\"og:type\" content=\"article\" \/>\n<meta property=\"og:title\" content=\"Morral para Portatil future - ArtIculos Promocionales, Merchandising y Regalos Empresariales\" \/>\n<meta property=\"og:description\" content=\"Este morral manos libres est\u00e1 dise\u00f1ado para transportar tu port\u00e1til con comodidad y seguridad. Incluye un bolsillo interior forrado en tela polar que protege tu dispositivo. En la parte frontal, cuenta con un bolsillo con cremallera que alberga compartimentos internos para organizar tus accesorios. La correa es ajustable y desmontable, gracias a los ganchos situados [&hellip;]\" \/>\n<meta property=\"og:url\" content=\"https:\/\/teleprismapromocionales.com.co\/?product=morral-para-portatil-future\" \/>\n<meta property=\"og:site_name\" content=\"ArtIculos Promocionales, Merchandising y Regalos Empresariales\" \/>\n<meta property=\"article:publisher\" content=\"https:\/\/www.facebook.com\/Teleprisma-SAS-104012264626964\/\" \/>\n<meta property=\"og:image\" content=\"https:\/\/teleprismapromocionales.com.co\/wp-content\/uploads\/2025\/05\/3038847.jpg\" \/>\n\t<meta property=\"og:image:width\" content=\"1500\" \/>\n\t<meta property=\"og:image:height\" content=\"1069\" \/>\n\t<meta property=\"og:image:type\" content=\"image\/jpeg\" \/>\n<meta name=\"twitter:card\" content=\"summary_large_image\" \/>\n<meta name=\"twitter:label1\" content=\"Tiempo de lectura\" \/>\n\t<meta name=\"twitter:data1\" content=\"1 minuto\" \/>\n<script type=\"application\/ld+json\" class=\"yoast-schema-graph\">{\"@context\":\"https:\/\/schema.org\",\"@graph\":[{\"@type\":\"WebPage\",\"@id\":\"https:\/\/teleprismapromocionales.com.co\/?product=morral-para-portatil-future\",\"url\":\"https:\/\/teleprismapromocionales.com.co\/?product=morral-para-portatil-future\",\"name\":\"Morral para Portatil future - ArtIculos Promocionales, Merchandising y Regalos Empresariales\",\"isPartOf\":{\"@id\":\"https:\/\/teleprismapromocionales.com.co\/#website\"},\"primaryImageOfPage\":{\"@id\":\"https:\/\/teleprismapromocionales.com.co\/?product=morral-para-portatil-future#primaryimage\"},\"image\":{\"@id\":\"https:\/\/teleprismapromocionales.com.co\/?product=morral-para-portatil-future#primaryimage\"},\"thumbnailUrl\":\"https:\/\/teleprismapromocionales.com.co\/wp-content\/uploads\/2025\/05\/3038847.jpg\",\"datePublished\":\"2025-05-20T20:04:06+00:00\",\"breadcrumb\":{\"@id\":\"https:\/\/teleprismapromocionales.com.co\/?product=morral-para-portatil-future#breadcrumb\"},\"inLanguage\":\"es-CO\",\"potentialAction\":[{\"@type\":\"ReadAction\",\"target\":[\"https:\/\/teleprismapromocionales.com.co\/?product=morral-para-portatil-future\"]}]},{\"@type\":\"ImageObject\",\"inLanguage\":\"es-CO\",\"@id\":\"https:\/\/teleprismapromocionales.com.co\/?product=morral-para-portatil-future#primaryimage\",\"url\":\"https:\/\/teleprismapromocionales.com.co\/wp-content\/uploads\/2025\/05\/3038847.jpg\",\"contentUrl\":\"https:\/\/teleprismapromocionales.com.co\/wp-content\/uploads\/2025\/05\/3038847.jpg\",\"width\":1500,\"height\":1069},{\"@type\":\"BreadcrumbList\",\"@id\":\"https:\/\/teleprismapromocionales.com.co\/?product=morral-para-portatil-future#breadcrumb\",\"itemListElement\":[{\"@type\":\"ListItem\",\"position\":1,\"name\":\"Home\",\"item\":\"https:\/\/teleprismapromocionales.com.co\/\"},{\"@type\":\"ListItem\",\"position\":2,\"name\":\"Productos\",\"item\":\"https:\/\/teleprismapromocionales.com.co\/?page_id=24\"},{\"@type\":\"ListItem\",\"position\":3,\"name\":\"Morral para Portatil future\"}]},{\"@type\":\"WebSite\",\"@id\":\"https:\/\/teleprismapromocionales.com.co\/#website\",\"url\":\"https:\/\/teleprismapromocionales.com.co\/\",\"name\":\"ArtIculos Promocionales, Merchandising y Regalos Empresariales\",\"description\":\"Art\u00edculos Promocionales, Merchandising, ropa publicitaria, Dummies, Piezas POP, Regalos Empresariales e Impresi\u00f3n Digital y Litogr\u00e1fica\",\"publisher\":{\"@id\":\"https:\/\/teleprismapromocionales.com.co\/#organization\"},\"potentialAction\":[{\"@type\":\"SearchAction\",\"target\":{\"@type\":\"EntryPoint\",\"urlTemplate\":\"https:\/\/teleprismapromocionales.com.co\/?s={search_term_string}\"},\"query-input\":{\"@type\":\"PropertyValueSpecification\",\"valueRequired\":true,\"valueName\":\"search_term_string\"}}],\"inLanguage\":\"es-CO\"},{\"@type\":\"Organization\",\"@id\":\"https:\/\/teleprismapromocionales.com.co\/#organization\",\"name\":\"Teleprisma promocionales\",\"url\":\"https:\/\/teleprismapromocionales.com.co\/\",\"logo\":{\"@type\":\"ImageObject\",\"inLanguage\":\"es-CO\",\"@id\":\"https:\/\/teleprismapromocionales.com.co\/#\/schema\/logo\/image\/\",\"url\":\"https:\/\/teleprismapromocionales.com\/wp-content\/uploads\/2019\/12\/logo.png\",\"contentUrl\":\"https:\/\/teleprismapromocionales.com\/wp-content\/uploads\/2019\/12\/logo.png\",\"width\":202,\"height\":50,\"caption\":\"Teleprisma promocionales\"},\"image\":{\"@id\":\"https:\/\/teleprismapromocionales.com.co\/#\/schema\/logo\/image\/\"},\"sameAs\":[\"https:\/\/www.facebook.com\/Teleprisma-SAS-104012264626964\/\"]}]}<\/script>\n<!-- \/ Yoast SEO plugin. -->","yoast_head_json":{"title":"Morral para Portatil future - ArtIculos Promocionales, Merchandising y Regalos Empresariales","robots":{"index":"index","follow":"follow","max-snippet":"max-snippet:-1","max-image-preview":"max-image-preview:large","max-video-preview":"max-video-preview:-1"},"canonical":"https:\/\/teleprismapromocionales.com.co\/?product=morral-para-portatil-future","og_locale":"es_ES","og_type":"article","og_title":"Morral para Portatil future - ArtIculos Promocionales, Merchandising y Regalos Empresariales","og_description":"Este morral manos libres est\u00e1 dise\u00f1ado para transportar tu port\u00e1til con comodidad y seguridad. Incluye un bolsillo interior forrado en tela polar que protege tu dispositivo. En la parte frontal, cuenta con un bolsillo con cremallera que alberga compartimentos internos para organizar tus accesorios. La correa es ajustable y desmontable, gracias a los ganchos situados [&hellip;]","og_url":"https:\/\/teleprismapromocionales.com.co\/?product=morral-para-portatil-future","og_site_name":"ArtIculos Promocionales, Merchandising y Regalos Empresariales","article_publisher":"https:\/\/www.facebook.com\/Teleprisma-SAS-104012264626964\/","og_image":[{"width":1500,"height":1069,"url":"https:\/\/teleprismapromocionales.com.co\/wp-content\/uploads\/2025\/05\/3038847.jpg","type":"image\/jpeg"}],"twitter_card":"summary_large_image","twitter_misc":{"Tiempo de lectura":"1 minuto"},"schema":{"@context":"https:\/\/schema.org","@graph":[{"@type":"WebPage","@id":"https:\/\/teleprismapromocionales.com.co\/?product=morral-para-portatil-future","url":"https:\/\/teleprismapromocionales.com.co\/?product=morral-para-portatil-future","name":"Morral para Portatil future - ArtIculos Promocionales, Merchandising y Regalos Empresariales","isPartOf":{"@id":"https:\/\/teleprismapromocionales.com.co\/#website"},"primaryImageOfPage":{"@id":"https:\/\/teleprismapromocionales.com.co\/?product=morral-para-portatil-future#primaryimage"},"image":{"@id":"https:\/\/teleprismapromocionales.com.co\/?product=morral-para-portatil-future#primaryimage"},"thumbnailUrl":"https:\/\/teleprismapromocionales.com.co\/wp-content\/uploads\/2025\/05\/3038847.jpg","datePublished":"2025-05-20T20:04:06+00:00","breadcrumb":{"@id":"https:\/\/teleprismapromocionales.com.co\/?product=morral-para-portatil-future#breadcrumb"},"inLanguage":"es-CO","potentialAction":[{"@type":"ReadAction","target":["https:\/\/teleprismapromocionales.com.co\/?product=morral-para-portatil-future"]}]},{"@type":"ImageObject","inLanguage":"es-CO","@id":"https:\/\/teleprismapromocionales.com.co\/?product=morral-para-portatil-future#primaryimage","url":"https:\/\/teleprismapromocionales.com.co\/wp-content\/uploads\/2025\/05\/3038847.jpg","contentUrl":"https:\/\/teleprismapromocionales.com.co\/wp-content\/uploads\/2025\/05\/3038847.jpg","width":1500,"height":1069},{"@type":"BreadcrumbList","@id":"https:\/\/teleprismapromocionales.com.co\/?product=morral-para-portatil-future#breadcrumb","itemListElement":[{"@type":"ListItem","position":1,"name":"Home","item":"https:\/\/teleprismapromocionales.com.co\/"},{"@type":"ListItem","position":2,"name":"Productos","item":"https:\/\/teleprismapromocionales.com.co\/?page_id=24"},{"@type":"ListItem","position":3,"name":"Morral para Portatil future"}]},{"@type":"WebSite","@id":"https:\/\/teleprismapromocionales.com.co\/#website","url":"https:\/\/teleprismapromocionales.com.co\/","name":"ArtIculos Promocionales, Merchandising y Regalos Empresariales","description":"Art\u00edculos Promocionales, Merchandising, ropa publicitaria, Dummies, Piezas POP, Regalos Empresariales e Impresi\u00f3n Digital y Litogr\u00e1fica","publisher":{"@id":"https:\/\/teleprismapromocionales.com.co\/#organization"},"potentialAction":[{"@type":"SearchAction","target":{"@type":"EntryPoint","urlTemplate":"https:\/\/teleprismapromocionales.com.co\/?s={search_term_string}"},"query-input":{"@type":"PropertyValueSpecification","valueRequired":true,"valueName":"search_term_string"}}],"inLanguage":"es-CO"},{"@type":"Organization","@id":"https:\/\/teleprismapromocionales.com.co\/#organization","name":"Teleprisma promocionales","url":"https:\/\/teleprismapromocionales.com.co\/","logo":{"@type":"ImageObject","inLanguage":"es-CO","@id":"https:\/\/teleprismapromocionales.com.co\/#\/schema\/logo\/image\/","url":"https:\/\/teleprismapromocionales.com\/wp-content\/uploads\/2019\/12\/logo.png","contentUrl":"https:\/\/teleprismapromocionales.com\/wp-content\/uploads\/2019\/12\/logo.png","width":202,"height":50,"caption":"Teleprisma promocionales"},"image":{"@id":"https:\/\/teleprismapromocionales.com.co\/#\/schema\/logo\/image\/"},"sameAs":["https:\/\/www.facebook.com\/Teleprisma-SAS-104012264626964\/"]}]}},"_links":{"self":[{"href":"https:\/\/teleprismapromocionales.com.co\/index.php?rest_route=\/wp\/v2\/product\/89637","targetHints":{"allow":["GET"]}}],"collection":[{"href":"https:\/\/teleprismapromocionales.com.co\/index.php?rest_route=\/wp\/v2\/product"}],"about":[{"href":"https:\/\/teleprismapromocionales.com.co\/index.php?rest_route=\/wp\/v2\/types\/product"}],"replies":[{"embeddable":true,"href":"https:\/\/teleprismapromocionales.com.co\/index.php?rest_route=%2Fwp%2Fv2%2Fcomments&post=89637"}],"wp:featuredmedia":[{"embeddable":true,"href":"https:\/\/teleprismapromocionales.com.co\/index.php?rest_route=\/wp\/v2\/media\/89638"}],"wp:attachment":[{"href":"https:\/\/teleprismapromocionales.com.co\/index.php?rest_route=%2Fwp%2Fv2%2Fmedia&parent=89637"}],"wp:term":[{"taxonomy":"product_brand","embeddable":true,"href":"https:\/\/teleprismapromocionales.com.co\/index.php?rest_route=%2Fwp%2Fv2%2Fproduct_brand&post=89637"},{"taxonomy":"product_cat","embeddable":true,"href":"https:\/\/teleprismapromocionales.com.co\/index.php?rest_route=%2Fwp%2Fv2%2Fproduct_cat&post=89637"},{"taxonomy":"product_tag","embeddable":true,"href":"https:\/\/teleprismapromocionales.com.co\/index.php?rest_route=%2Fwp%2Fv2%2Fproduct_tag&post=89637"}],"curies":[{"name":"wp","href":"https:\/\/api.w.org\/{rel}","templated":true}]}}