{"id":89579,"date":"2025-05-19T16:09:50","date_gmt":"2025-05-19T21:09:50","guid":{"rendered":"https:\/\/teleprismapromocionales.com\/?post_type=product&#038;p=89579"},"modified":"2025-05-19T16:09:51","modified_gmt":"2025-05-19T21:09:51","slug":"caja-circular-en-bambu","status":"publish","type":"product","link":"https:\/\/teleprismapromocionales.com.co\/?product=caja-circular-en-bambu","title":{"rendered":"Caja Circular en Bamb\u00fa"},"content":{"rendered":"<p>Contiene 4 accesorios de bar con aplique en madera: Tap\u00f3n para botella, cortagotas, aro antigoteo, sacacorchos de 1 tiempo. Caja interior beige.<\/p>\n<p>MATERIAL: Bamb\u00fa.<br \/>\nMEDIDAS: Di\u00e1metro de 15,9 x 3,5 cm.<\/p>\n","protected":false},"excerpt":{"rendered":"<p>Contiene 4 accesorios de bar con aplique en madera: Tap\u00f3n para botella, cortagotas, aro antigoteo, sacacorchos de 1 tiempo. Caja interior beige. MATERIAL: Bamb\u00fa. MEDIDAS: Di\u00e1metro de 15,9 x 3,5 cm.<\/p>\n","protected":false},"featured_media":89585,"comment_status":"closed","ping_status":"closed","template":"","meta":[],"product_brand":[],"product_cat":[106,184],"product_tag":[7203,7208,7199,7207,7200],"class_list":{"0":"post-89579","1":"product","2":"type-product","3":"status-publish","4":"has-post-thumbnail","6":"product_cat-bar","7":"product_cat-vinos","8":"product_tag-accesorios","9":"product_tag-bambu","10":"product_tag-bar","11":"product_tag-tapon","12":"product_tag-vino","14":"first","15":"instock","16":"shipping-taxable","17":"product-type-simple"},"yoast_head":"<!-- This site is optimized with the Yoast SEO plugin v25.7 - https:\/\/yoast.com\/wordpress\/plugins\/seo\/ -->\n<title>Caja Circular en Bamb\u00fa - ArtIculos Promocionales, Merchandising y Regalos Empresariales<\/title>\n<meta name=\"robots\" content=\"index, follow, max-snippet:-1, max-image-preview:large, max-video-preview:-1\" \/>\n<link rel=\"canonical\" href=\"https:\/\/teleprismapromocionales.com.co\/?product=caja-circular-en-bambu\" \/>\n<meta property=\"og:locale\" content=\"es_ES\" \/>\n<meta property=\"og:type\" content=\"article\" \/>\n<meta property=\"og:title\" content=\"Caja Circular en Bamb\u00fa - ArtIculos Promocionales, Merchandising y Regalos Empresariales\" \/>\n<meta property=\"og:description\" content=\"Contiene 4 accesorios de bar con aplique en madera: Tap\u00f3n para botella, cortagotas, aro antigoteo, sacacorchos de 1 tiempo. Caja interior beige. MATERIAL: Bamb\u00fa. MEDIDAS: Di\u00e1metro de 15,9 x 3,5 cm.\" \/>\n<meta property=\"og:url\" content=\"https:\/\/teleprismapromocionales.com.co\/?product=caja-circular-en-bambu\" \/>\n<meta property=\"og:site_name\" content=\"ArtIculos Promocionales, Merchandising y Regalos Empresariales\" \/>\n<meta property=\"article:publisher\" content=\"https:\/\/www.facebook.com\/Teleprisma-SAS-104012264626964\/\" \/>\n<meta property=\"article:modified_time\" content=\"2025-05-19T21:09:51+00:00\" \/>\n<meta property=\"og:image\" content=\"https:\/\/teleprismapromocionales.com.co\/wp-content\/uploads\/2025\/05\/HO0115_3019045_52109.jpg\" \/>\n\t<meta property=\"og:image:width\" content=\"1500\" \/>\n\t<meta property=\"og:image:height\" content=\"1069\" \/>\n\t<meta property=\"og:image:type\" content=\"image\/jpeg\" \/>\n<meta name=\"twitter:card\" content=\"summary_large_image\" \/>\n<meta name=\"twitter:label1\" content=\"Tiempo de lectura\" \/>\n\t<meta name=\"twitter:data1\" content=\"1 minuto\" \/>\n<script type=\"application\/ld+json\" class=\"yoast-schema-graph\">{\"@context\":\"https:\/\/schema.org\",\"@graph\":[{\"@type\":\"WebPage\",\"@id\":\"https:\/\/teleprismapromocionales.com.co\/?product=caja-circular-en-bambu\",\"url\":\"https:\/\/teleprismapromocionales.com.co\/?product=caja-circular-en-bambu\",\"name\":\"Caja Circular en Bamb\u00fa - ArtIculos Promocionales, Merchandising y Regalos Empresariales\",\"isPartOf\":{\"@id\":\"https:\/\/teleprismapromocionales.com.co\/#website\"},\"primaryImageOfPage\":{\"@id\":\"https:\/\/teleprismapromocionales.com.co\/?product=caja-circular-en-bambu#primaryimage\"},\"image\":{\"@id\":\"https:\/\/teleprismapromocionales.com.co\/?product=caja-circular-en-bambu#primaryimage\"},\"thumbnailUrl\":\"https:\/\/teleprismapromocionales.com.co\/wp-content\/uploads\/2025\/05\/HO0115_3019045_52109.jpg\",\"datePublished\":\"2025-05-19T21:09:50+00:00\",\"dateModified\":\"2025-05-19T21:09:51+00:00\",\"breadcrumb\":{\"@id\":\"https:\/\/teleprismapromocionales.com.co\/?product=caja-circular-en-bambu#breadcrumb\"},\"inLanguage\":\"es-CO\",\"potentialAction\":[{\"@type\":\"ReadAction\",\"target\":[\"https:\/\/teleprismapromocionales.com.co\/?product=caja-circular-en-bambu\"]}]},{\"@type\":\"ImageObject\",\"inLanguage\":\"es-CO\",\"@id\":\"https:\/\/teleprismapromocionales.com.co\/?product=caja-circular-en-bambu#primaryimage\",\"url\":\"https:\/\/teleprismapromocionales.com.co\/wp-content\/uploads\/2025\/05\/HO0115_3019045_52109.jpg\",\"contentUrl\":\"https:\/\/teleprismapromocionales.com.co\/wp-content\/uploads\/2025\/05\/HO0115_3019045_52109.jpg\",\"width\":1500,\"height\":1069},{\"@type\":\"BreadcrumbList\",\"@id\":\"https:\/\/teleprismapromocionales.com.co\/?product=caja-circular-en-bambu#breadcrumb\",\"itemListElement\":[{\"@type\":\"ListItem\",\"position\":1,\"name\":\"Home\",\"item\":\"https:\/\/teleprismapromocionales.com.co\/\"},{\"@type\":\"ListItem\",\"position\":2,\"name\":\"Productos\",\"item\":\"https:\/\/teleprismapromocionales.com.co\/?page_id=24\"},{\"@type\":\"ListItem\",\"position\":3,\"name\":\"Caja Circular en Bamb\u00fa\"}]},{\"@type\":\"WebSite\",\"@id\":\"https:\/\/teleprismapromocionales.com.co\/#website\",\"url\":\"https:\/\/teleprismapromocionales.com.co\/\",\"name\":\"ArtIculos Promocionales, Merchandising y Regalos Empresariales\",\"description\":\"Art\u00edculos Promocionales, Merchandising, ropa publicitaria, Dummies, Piezas POP, Regalos Empresariales e Impresi\u00f3n Digital y Litogr\u00e1fica\",\"publisher\":{\"@id\":\"https:\/\/teleprismapromocionales.com.co\/#organization\"},\"potentialAction\":[{\"@type\":\"SearchAction\",\"target\":{\"@type\":\"EntryPoint\",\"urlTemplate\":\"https:\/\/teleprismapromocionales.com.co\/?s={search_term_string}\"},\"query-input\":{\"@type\":\"PropertyValueSpecification\",\"valueRequired\":true,\"valueName\":\"search_term_string\"}}],\"inLanguage\":\"es-CO\"},{\"@type\":\"Organization\",\"@id\":\"https:\/\/teleprismapromocionales.com.co\/#organization\",\"name\":\"Teleprisma promocionales\",\"url\":\"https:\/\/teleprismapromocionales.com.co\/\",\"logo\":{\"@type\":\"ImageObject\",\"inLanguage\":\"es-CO\",\"@id\":\"https:\/\/teleprismapromocionales.com.co\/#\/schema\/logo\/image\/\",\"url\":\"https:\/\/teleprismapromocionales.com\/wp-content\/uploads\/2019\/12\/logo.png\",\"contentUrl\":\"https:\/\/teleprismapromocionales.com\/wp-content\/uploads\/2019\/12\/logo.png\",\"width\":202,\"height\":50,\"caption\":\"Teleprisma promocionales\"},\"image\":{\"@id\":\"https:\/\/teleprismapromocionales.com.co\/#\/schema\/logo\/image\/\"},\"sameAs\":[\"https:\/\/www.facebook.com\/Teleprisma-SAS-104012264626964\/\"]}]}<\/script>\n<!-- \/ Yoast SEO plugin. -->","yoast_head_json":{"title":"Caja Circular en Bamb\u00fa - ArtIculos Promocionales, Merchandising y Regalos Empresariales","robots":{"index":"index","follow":"follow","max-snippet":"max-snippet:-1","max-image-preview":"max-image-preview:large","max-video-preview":"max-video-preview:-1"},"canonical":"https:\/\/teleprismapromocionales.com.co\/?product=caja-circular-en-bambu","og_locale":"es_ES","og_type":"article","og_title":"Caja Circular en Bamb\u00fa - ArtIculos Promocionales, Merchandising y Regalos Empresariales","og_description":"Contiene 4 accesorios de bar con aplique en madera: Tap\u00f3n para botella, cortagotas, aro antigoteo, sacacorchos de 1 tiempo. Caja interior beige. MATERIAL: Bamb\u00fa. MEDIDAS: Di\u00e1metro de 15,9 x 3,5 cm.","og_url":"https:\/\/teleprismapromocionales.com.co\/?product=caja-circular-en-bambu","og_site_name":"ArtIculos Promocionales, Merchandising y Regalos Empresariales","article_publisher":"https:\/\/www.facebook.com\/Teleprisma-SAS-104012264626964\/","article_modified_time":"2025-05-19T21:09:51+00:00","og_image":[{"width":1500,"height":1069,"url":"https:\/\/teleprismapromocionales.com.co\/wp-content\/uploads\/2025\/05\/HO0115_3019045_52109.jpg","type":"image\/jpeg"}],"twitter_card":"summary_large_image","twitter_misc":{"Tiempo de lectura":"1 minuto"},"schema":{"@context":"https:\/\/schema.org","@graph":[{"@type":"WebPage","@id":"https:\/\/teleprismapromocionales.com.co\/?product=caja-circular-en-bambu","url":"https:\/\/teleprismapromocionales.com.co\/?product=caja-circular-en-bambu","name":"Caja Circular en Bamb\u00fa - ArtIculos Promocionales, Merchandising y Regalos Empresariales","isPartOf":{"@id":"https:\/\/teleprismapromocionales.com.co\/#website"},"primaryImageOfPage":{"@id":"https:\/\/teleprismapromocionales.com.co\/?product=caja-circular-en-bambu#primaryimage"},"image":{"@id":"https:\/\/teleprismapromocionales.com.co\/?product=caja-circular-en-bambu#primaryimage"},"thumbnailUrl":"https:\/\/teleprismapromocionales.com.co\/wp-content\/uploads\/2025\/05\/HO0115_3019045_52109.jpg","datePublished":"2025-05-19T21:09:50+00:00","dateModified":"2025-05-19T21:09:51+00:00","breadcrumb":{"@id":"https:\/\/teleprismapromocionales.com.co\/?product=caja-circular-en-bambu#breadcrumb"},"inLanguage":"es-CO","potentialAction":[{"@type":"ReadAction","target":["https:\/\/teleprismapromocionales.com.co\/?product=caja-circular-en-bambu"]}]},{"@type":"ImageObject","inLanguage":"es-CO","@id":"https:\/\/teleprismapromocionales.com.co\/?product=caja-circular-en-bambu#primaryimage","url":"https:\/\/teleprismapromocionales.com.co\/wp-content\/uploads\/2025\/05\/HO0115_3019045_52109.jpg","contentUrl":"https:\/\/teleprismapromocionales.com.co\/wp-content\/uploads\/2025\/05\/HO0115_3019045_52109.jpg","width":1500,"height":1069},{"@type":"BreadcrumbList","@id":"https:\/\/teleprismapromocionales.com.co\/?product=caja-circular-en-bambu#breadcrumb","itemListElement":[{"@type":"ListItem","position":1,"name":"Home","item":"https:\/\/teleprismapromocionales.com.co\/"},{"@type":"ListItem","position":2,"name":"Productos","item":"https:\/\/teleprismapromocionales.com.co\/?page_id=24"},{"@type":"ListItem","position":3,"name":"Caja Circular en Bamb\u00fa"}]},{"@type":"WebSite","@id":"https:\/\/teleprismapromocionales.com.co\/#website","url":"https:\/\/teleprismapromocionales.com.co\/","name":"ArtIculos Promocionales, Merchandising y Regalos Empresariales","description":"Art\u00edculos Promocionales, Merchandising, ropa publicitaria, Dummies, Piezas POP, Regalos Empresariales e Impresi\u00f3n Digital y Litogr\u00e1fica","publisher":{"@id":"https:\/\/teleprismapromocionales.com.co\/#organization"},"potentialAction":[{"@type":"SearchAction","target":{"@type":"EntryPoint","urlTemplate":"https:\/\/teleprismapromocionales.com.co\/?s={search_term_string}"},"query-input":{"@type":"PropertyValueSpecification","valueRequired":true,"valueName":"search_term_string"}}],"inLanguage":"es-CO"},{"@type":"Organization","@id":"https:\/\/teleprismapromocionales.com.co\/#organization","name":"Teleprisma promocionales","url":"https:\/\/teleprismapromocionales.com.co\/","logo":{"@type":"ImageObject","inLanguage":"es-CO","@id":"https:\/\/teleprismapromocionales.com.co\/#\/schema\/logo\/image\/","url":"https:\/\/teleprismapromocionales.com\/wp-content\/uploads\/2019\/12\/logo.png","contentUrl":"https:\/\/teleprismapromocionales.com\/wp-content\/uploads\/2019\/12\/logo.png","width":202,"height":50,"caption":"Teleprisma promocionales"},"image":{"@id":"https:\/\/teleprismapromocionales.com.co\/#\/schema\/logo\/image\/"},"sameAs":["https:\/\/www.facebook.com\/Teleprisma-SAS-104012264626964\/"]}]}},"_links":{"self":[{"href":"https:\/\/teleprismapromocionales.com.co\/index.php?rest_route=\/wp\/v2\/product\/89579","targetHints":{"allow":["GET"]}}],"collection":[{"href":"https:\/\/teleprismapromocionales.com.co\/index.php?rest_route=\/wp\/v2\/product"}],"about":[{"href":"https:\/\/teleprismapromocionales.com.co\/index.php?rest_route=\/wp\/v2\/types\/product"}],"replies":[{"embeddable":true,"href":"https:\/\/teleprismapromocionales.com.co\/index.php?rest_route=%2Fwp%2Fv2%2Fcomments&post=89579"}],"wp:featuredmedia":[{"embeddable":true,"href":"https:\/\/teleprismapromocionales.com.co\/index.php?rest_route=\/wp\/v2\/media\/89585"}],"wp:attachment":[{"href":"https:\/\/teleprismapromocionales.com.co\/index.php?rest_route=%2Fwp%2Fv2%2Fmedia&parent=89579"}],"wp:term":[{"taxonomy":"product_brand","embeddable":true,"href":"https:\/\/teleprismapromocionales.com.co\/index.php?rest_route=%2Fwp%2Fv2%2Fproduct_brand&post=89579"},{"taxonomy":"product_cat","embeddable":true,"href":"https:\/\/teleprismapromocionales.com.co\/index.php?rest_route=%2Fwp%2Fv2%2Fproduct_cat&post=89579"},{"taxonomy":"product_tag","embeddable":true,"href":"https:\/\/teleprismapromocionales.com.co\/index.php?rest_route=%2Fwp%2Fv2%2Fproduct_tag&post=89579"}],"curies":[{"name":"wp","href":"https:\/\/api.w.org\/{rel}","templated":true}]}}