{"id":8729,"date":"2022-01-24T11:42:39","date_gmt":"2022-01-24T16:42:39","guid":{"rendered":"https:\/\/teleprismapromocionales.co\/?post_type=product&#038;p=8729"},"modified":"2023-07-04T14:26:03","modified_gmt":"2023-07-04T19:26:03","slug":"set-herramientas-tool-24","status":"publish","type":"product","link":"https:\/\/teleprismapromocionales.com.co\/?product=set-herramientas-tool-24","title":{"rendered":"Set Herramientas Tool 24"},"content":{"rendered":"<p>Set de herramientas que incluye: Destornillador con 4 puntas tipo Phillips, 2 tipo pala, 3 hexagonales, 1 adaptador de copa, 1 extensor, 4 copas de 5, 6, 8 y 10 mm, pinza con cortafr\u00edos, 6 destornilladores de precisi\u00f3n 3 tipo Phillips y 3 tipo pala.<br \/>\nMATERIAL:\u00a0Estuche en Poli\u00e9ster 600D.<br \/>\nMEDIDAS:\u00a09,7 x 18 x 4 cm.<\/p>\n","protected":false},"excerpt":{"rendered":"<p>Set de herramientas que incluye: Destornillador con 4 puntas tipo Phillips, 2 tipo pala, 3 hexagonales, 1 adaptador de copa, 1 extensor, 4 copas de 5, 6, 8 y 10 mm, pinza con cortafr\u00edos, 6 destornilladores de precisi\u00f3n 3 tipo Phillips y 3 tipo pala. MATERIAL:\u00a0Estuche en Poli\u00e9ster 600D. MEDIDAS:\u00a09,7 x 18 x 4 cm.<\/p>\n","protected":false},"featured_media":8731,"comment_status":"open","ping_status":"closed","template":"","meta":[],"product_brand":[],"product_cat":[123],"product_tag":[],"class_list":{"0":"post-8729","1":"product","2":"type-product","3":"status-publish","4":"has-post-thumbnail","6":"product_cat-herramienteros","8":"first","9":"instock","10":"shipping-taxable","11":"product-type-simple"},"yoast_head":"<!-- This site is optimized with the Yoast SEO plugin v25.7 - https:\/\/yoast.com\/wordpress\/plugins\/seo\/ -->\n<title>Set Herramientas Tool 24 - ArtIculos Promocionales, Merchandising y Regalos Empresariales<\/title>\n<meta name=\"robots\" content=\"index, follow, max-snippet:-1, max-image-preview:large, max-video-preview:-1\" \/>\n<link rel=\"canonical\" href=\"https:\/\/teleprismapromocionales.com.co\/?product=set-herramientas-tool-24\" \/>\n<meta property=\"og:locale\" content=\"es_ES\" \/>\n<meta property=\"og:type\" content=\"article\" \/>\n<meta property=\"og:title\" content=\"Set Herramientas Tool 24 - ArtIculos Promocionales, Merchandising y Regalos Empresariales\" \/>\n<meta property=\"og:description\" content=\"Set de herramientas que incluye: Destornillador con 4 puntas tipo Phillips, 2 tipo pala, 3 hexagonales, 1 adaptador de copa, 1 extensor, 4 copas de 5, 6, 8 y 10 mm, pinza con cortafr\u00edos, 6 destornilladores de precisi\u00f3n 3 tipo Phillips y 3 tipo pala. MATERIAL:\u00a0Estuche en Poli\u00e9ster 600D. MEDIDAS:\u00a09,7 x 18 x 4 cm.\" \/>\n<meta property=\"og:url\" content=\"https:\/\/teleprismapromocionales.com.co\/?product=set-herramientas-tool-24\" \/>\n<meta property=\"og:site_name\" content=\"ArtIculos Promocionales, Merchandising y Regalos Empresariales\" \/>\n<meta property=\"article:publisher\" content=\"https:\/\/www.facebook.com\/Teleprisma-SAS-104012264626964\/\" \/>\n<meta property=\"article:modified_time\" content=\"2023-07-04T19:26:03+00:00\" \/>\n<meta property=\"og:image\" content=\"https:\/\/teleprismapromocionales.com.co\/wp-content\/uploads\/2022\/01\/Set-Herramientas-Tool-241.jpg\" \/>\n\t<meta property=\"og:image:width\" content=\"660\" \/>\n\t<meta property=\"og:image:height\" content=\"470\" \/>\n\t<meta property=\"og:image:type\" content=\"image\/jpeg\" \/>\n<meta name=\"twitter:card\" content=\"summary_large_image\" \/>\n<script type=\"application\/ld+json\" class=\"yoast-schema-graph\">{\"@context\":\"https:\/\/schema.org\",\"@graph\":[{\"@type\":\"WebPage\",\"@id\":\"https:\/\/teleprismapromocionales.com.co\/?product=set-herramientas-tool-24\",\"url\":\"https:\/\/teleprismapromocionales.com.co\/?product=set-herramientas-tool-24\",\"name\":\"Set Herramientas Tool 24 - ArtIculos Promocionales, Merchandising y Regalos Empresariales\",\"isPartOf\":{\"@id\":\"https:\/\/teleprismapromocionales.com.co\/#website\"},\"primaryImageOfPage\":{\"@id\":\"https:\/\/teleprismapromocionales.com.co\/?product=set-herramientas-tool-24#primaryimage\"},\"image\":{\"@id\":\"https:\/\/teleprismapromocionales.com.co\/?product=set-herramientas-tool-24#primaryimage\"},\"thumbnailUrl\":\"https:\/\/teleprismapromocionales.com.co\/wp-content\/uploads\/2022\/01\/Set-Herramientas-Tool-241.jpg\",\"datePublished\":\"2022-01-24T16:42:39+00:00\",\"dateModified\":\"2023-07-04T19:26:03+00:00\",\"breadcrumb\":{\"@id\":\"https:\/\/teleprismapromocionales.com.co\/?product=set-herramientas-tool-24#breadcrumb\"},\"inLanguage\":\"es-CO\",\"potentialAction\":[{\"@type\":\"ReadAction\",\"target\":[\"https:\/\/teleprismapromocionales.com.co\/?product=set-herramientas-tool-24\"]}]},{\"@type\":\"ImageObject\",\"inLanguage\":\"es-CO\",\"@id\":\"https:\/\/teleprismapromocionales.com.co\/?product=set-herramientas-tool-24#primaryimage\",\"url\":\"https:\/\/teleprismapromocionales.com.co\/wp-content\/uploads\/2022\/01\/Set-Herramientas-Tool-241.jpg\",\"contentUrl\":\"https:\/\/teleprismapromocionales.com.co\/wp-content\/uploads\/2022\/01\/Set-Herramientas-Tool-241.jpg\",\"width\":660,\"height\":470},{\"@type\":\"BreadcrumbList\",\"@id\":\"https:\/\/teleprismapromocionales.com.co\/?product=set-herramientas-tool-24#breadcrumb\",\"itemListElement\":[{\"@type\":\"ListItem\",\"position\":1,\"name\":\"Home\",\"item\":\"https:\/\/teleprismapromocionales.com.co\/\"},{\"@type\":\"ListItem\",\"position\":2,\"name\":\"Productos\",\"item\":\"https:\/\/teleprismapromocionales.com.co\/?page_id=24\"},{\"@type\":\"ListItem\",\"position\":3,\"name\":\"Set Herramientas Tool 24\"}]},{\"@type\":\"WebSite\",\"@id\":\"https:\/\/teleprismapromocionales.com.co\/#website\",\"url\":\"https:\/\/teleprismapromocionales.com.co\/\",\"name\":\"ArtIculos Promocionales, Merchandising y Regalos Empresariales\",\"description\":\"Art\u00edculos Promocionales, Merchandising, ropa publicitaria, Dummies, Piezas POP, Regalos Empresariales e Impresi\u00f3n Digital y Litogr\u00e1fica\",\"publisher\":{\"@id\":\"https:\/\/teleprismapromocionales.com.co\/#organization\"},\"potentialAction\":[{\"@type\":\"SearchAction\",\"target\":{\"@type\":\"EntryPoint\",\"urlTemplate\":\"https:\/\/teleprismapromocionales.com.co\/?s={search_term_string}\"},\"query-input\":{\"@type\":\"PropertyValueSpecification\",\"valueRequired\":true,\"valueName\":\"search_term_string\"}}],\"inLanguage\":\"es-CO\"},{\"@type\":\"Organization\",\"@id\":\"https:\/\/teleprismapromocionales.com.co\/#organization\",\"name\":\"Teleprisma promocionales\",\"url\":\"https:\/\/teleprismapromocionales.com.co\/\",\"logo\":{\"@type\":\"ImageObject\",\"inLanguage\":\"es-CO\",\"@id\":\"https:\/\/teleprismapromocionales.com.co\/#\/schema\/logo\/image\/\",\"url\":\"https:\/\/teleprismapromocionales.com\/wp-content\/uploads\/2019\/12\/logo.png\",\"contentUrl\":\"https:\/\/teleprismapromocionales.com\/wp-content\/uploads\/2019\/12\/logo.png\",\"width\":202,\"height\":50,\"caption\":\"Teleprisma promocionales\"},\"image\":{\"@id\":\"https:\/\/teleprismapromocionales.com.co\/#\/schema\/logo\/image\/\"},\"sameAs\":[\"https:\/\/www.facebook.com\/Teleprisma-SAS-104012264626964\/\"]}]}<\/script>\n<!-- \/ Yoast SEO plugin. -->","yoast_head_json":{"title":"Set Herramientas Tool 24 - ArtIculos Promocionales, Merchandising y Regalos Empresariales","robots":{"index":"index","follow":"follow","max-snippet":"max-snippet:-1","max-image-preview":"max-image-preview:large","max-video-preview":"max-video-preview:-1"},"canonical":"https:\/\/teleprismapromocionales.com.co\/?product=set-herramientas-tool-24","og_locale":"es_ES","og_type":"article","og_title":"Set Herramientas Tool 24 - ArtIculos Promocionales, Merchandising y Regalos Empresariales","og_description":"Set de herramientas que incluye: Destornillador con 4 puntas tipo Phillips, 2 tipo pala, 3 hexagonales, 1 adaptador de copa, 1 extensor, 4 copas de 5, 6, 8 y 10 mm, pinza con cortafr\u00edos, 6 destornilladores de precisi\u00f3n 3 tipo Phillips y 3 tipo pala. MATERIAL:\u00a0Estuche en Poli\u00e9ster 600D. MEDIDAS:\u00a09,7 x 18 x 4 cm.","og_url":"https:\/\/teleprismapromocionales.com.co\/?product=set-herramientas-tool-24","og_site_name":"ArtIculos Promocionales, Merchandising y Regalos Empresariales","article_publisher":"https:\/\/www.facebook.com\/Teleprisma-SAS-104012264626964\/","article_modified_time":"2023-07-04T19:26:03+00:00","og_image":[{"width":660,"height":470,"url":"https:\/\/teleprismapromocionales.com.co\/wp-content\/uploads\/2022\/01\/Set-Herramientas-Tool-241.jpg","type":"image\/jpeg"}],"twitter_card":"summary_large_image","schema":{"@context":"https:\/\/schema.org","@graph":[{"@type":"WebPage","@id":"https:\/\/teleprismapromocionales.com.co\/?product=set-herramientas-tool-24","url":"https:\/\/teleprismapromocionales.com.co\/?product=set-herramientas-tool-24","name":"Set Herramientas Tool 24 - ArtIculos Promocionales, Merchandising y Regalos Empresariales","isPartOf":{"@id":"https:\/\/teleprismapromocionales.com.co\/#website"},"primaryImageOfPage":{"@id":"https:\/\/teleprismapromocionales.com.co\/?product=set-herramientas-tool-24#primaryimage"},"image":{"@id":"https:\/\/teleprismapromocionales.com.co\/?product=set-herramientas-tool-24#primaryimage"},"thumbnailUrl":"https:\/\/teleprismapromocionales.com.co\/wp-content\/uploads\/2022\/01\/Set-Herramientas-Tool-241.jpg","datePublished":"2022-01-24T16:42:39+00:00","dateModified":"2023-07-04T19:26:03+00:00","breadcrumb":{"@id":"https:\/\/teleprismapromocionales.com.co\/?product=set-herramientas-tool-24#breadcrumb"},"inLanguage":"es-CO","potentialAction":[{"@type":"ReadAction","target":["https:\/\/teleprismapromocionales.com.co\/?product=set-herramientas-tool-24"]}]},{"@type":"ImageObject","inLanguage":"es-CO","@id":"https:\/\/teleprismapromocionales.com.co\/?product=set-herramientas-tool-24#primaryimage","url":"https:\/\/teleprismapromocionales.com.co\/wp-content\/uploads\/2022\/01\/Set-Herramientas-Tool-241.jpg","contentUrl":"https:\/\/teleprismapromocionales.com.co\/wp-content\/uploads\/2022\/01\/Set-Herramientas-Tool-241.jpg","width":660,"height":470},{"@type":"BreadcrumbList","@id":"https:\/\/teleprismapromocionales.com.co\/?product=set-herramientas-tool-24#breadcrumb","itemListElement":[{"@type":"ListItem","position":1,"name":"Home","item":"https:\/\/teleprismapromocionales.com.co\/"},{"@type":"ListItem","position":2,"name":"Productos","item":"https:\/\/teleprismapromocionales.com.co\/?page_id=24"},{"@type":"ListItem","position":3,"name":"Set Herramientas Tool 24"}]},{"@type":"WebSite","@id":"https:\/\/teleprismapromocionales.com.co\/#website","url":"https:\/\/teleprismapromocionales.com.co\/","name":"ArtIculos Promocionales, Merchandising y Regalos Empresariales","description":"Art\u00edculos Promocionales, Merchandising, ropa publicitaria, Dummies, Piezas POP, Regalos Empresariales e Impresi\u00f3n Digital y Litogr\u00e1fica","publisher":{"@id":"https:\/\/teleprismapromocionales.com.co\/#organization"},"potentialAction":[{"@type":"SearchAction","target":{"@type":"EntryPoint","urlTemplate":"https:\/\/teleprismapromocionales.com.co\/?s={search_term_string}"},"query-input":{"@type":"PropertyValueSpecification","valueRequired":true,"valueName":"search_term_string"}}],"inLanguage":"es-CO"},{"@type":"Organization","@id":"https:\/\/teleprismapromocionales.com.co\/#organization","name":"Teleprisma promocionales","url":"https:\/\/teleprismapromocionales.com.co\/","logo":{"@type":"ImageObject","inLanguage":"es-CO","@id":"https:\/\/teleprismapromocionales.com.co\/#\/schema\/logo\/image\/","url":"https:\/\/teleprismapromocionales.com\/wp-content\/uploads\/2019\/12\/logo.png","contentUrl":"https:\/\/teleprismapromocionales.com\/wp-content\/uploads\/2019\/12\/logo.png","width":202,"height":50,"caption":"Teleprisma promocionales"},"image":{"@id":"https:\/\/teleprismapromocionales.com.co\/#\/schema\/logo\/image\/"},"sameAs":["https:\/\/www.facebook.com\/Teleprisma-SAS-104012264626964\/"]}]}},"_links":{"self":[{"href":"https:\/\/teleprismapromocionales.com.co\/index.php?rest_route=\/wp\/v2\/product\/8729","targetHints":{"allow":["GET"]}}],"collection":[{"href":"https:\/\/teleprismapromocionales.com.co\/index.php?rest_route=\/wp\/v2\/product"}],"about":[{"href":"https:\/\/teleprismapromocionales.com.co\/index.php?rest_route=\/wp\/v2\/types\/product"}],"replies":[{"embeddable":true,"href":"https:\/\/teleprismapromocionales.com.co\/index.php?rest_route=%2Fwp%2Fv2%2Fcomments&post=8729"}],"wp:featuredmedia":[{"embeddable":true,"href":"https:\/\/teleprismapromocionales.com.co\/index.php?rest_route=\/wp\/v2\/media\/8731"}],"wp:attachment":[{"href":"https:\/\/teleprismapromocionales.com.co\/index.php?rest_route=%2Fwp%2Fv2%2Fmedia&parent=8729"}],"wp:term":[{"taxonomy":"product_brand","embeddable":true,"href":"https:\/\/teleprismapromocionales.com.co\/index.php?rest_route=%2Fwp%2Fv2%2Fproduct_brand&post=8729"},{"taxonomy":"product_cat","embeddable":true,"href":"https:\/\/teleprismapromocionales.com.co\/index.php?rest_route=%2Fwp%2Fv2%2Fproduct_cat&post=8729"},{"taxonomy":"product_tag","embeddable":true,"href":"https:\/\/teleprismapromocionales.com.co\/index.php?rest_route=%2Fwp%2Fv2%2Fproduct_tag&post=8729"}],"curies":[{"name":"wp","href":"https:\/\/api.w.org\/{rel}","templated":true}]}}