{"id":5831,"date":"2021-07-13T16:07:17","date_gmt":"2021-07-13T21:07:17","guid":{"rendered":"https:\/\/teleprismapromocionales.co\/?post_type=product&#038;p=5831"},"modified":"2023-07-14T15:17:29","modified_gmt":"2023-07-14T20:17:29","slug":"cargador-de-pared-nave","status":"publish","type":"product","link":"https:\/\/teleprismapromocionales.com.co\/?product=cargador-de-pared-nave","title":{"rendered":"Cargador de Pared Nave"},"content":{"rendered":"<p>Cargador de pared con un puerto USB, entrada 100-240 V, salida 5V-1A, AC 50\/60Hz 0.2A. Cuenta con Certificado de Seguridad UL (E361273).<br \/>\nMATERIAL:\u00a0PC + Metal.<br \/>\nMEDIDAS:\u00a03,3 x 3,3 cm.<\/p>\n","protected":false},"excerpt":{"rendered":"<p>Cargador de pared con un puerto USB<\/p>\n<p>Colores Disponibles: Negro, verde, amarillo, naranja.<\/p>\n","protected":false},"featured_media":5832,"comment_status":"open","ping_status":"closed","template":"","meta":[],"product_brand":[],"product_cat":[141],"product_tag":[],"class_list":{"0":"post-5831","1":"product","2":"type-product","3":"status-publish","4":"has-post-thumbnail","6":"product_cat-cables-y-adaptadores-de-carga","8":"first","9":"instock","10":"shipping-taxable","11":"product-type-simple"},"yoast_head":"<!-- This site is optimized with the Yoast SEO plugin v25.7 - https:\/\/yoast.com\/wordpress\/plugins\/seo\/ -->\n<title>Cargador de Pared Nave - ArtIculos Promocionales, Merchandising y Regalos Empresariales<\/title>\n<meta name=\"robots\" content=\"index, follow, max-snippet:-1, max-image-preview:large, max-video-preview:-1\" \/>\n<link rel=\"canonical\" href=\"https:\/\/teleprismapromocionales.com.co\/?product=cargador-de-pared-nave\" \/>\n<meta property=\"og:locale\" content=\"es_ES\" \/>\n<meta property=\"og:type\" content=\"article\" \/>\n<meta property=\"og:title\" content=\"Cargador de Pared Nave - ArtIculos Promocionales, Merchandising y Regalos Empresariales\" \/>\n<meta property=\"og:description\" content=\"Cargador de pared con un puerto USB  Colores Disponibles: Negro, verde, amarillo, naranja.\" \/>\n<meta property=\"og:url\" content=\"https:\/\/teleprismapromocionales.com.co\/?product=cargador-de-pared-nave\" \/>\n<meta property=\"og:site_name\" content=\"ArtIculos Promocionales, Merchandising y Regalos Empresariales\" \/>\n<meta property=\"article:publisher\" content=\"https:\/\/www.facebook.com\/Teleprisma-SAS-104012264626964\/\" \/>\n<meta property=\"article:modified_time\" content=\"2023-07-14T20:17:29+00:00\" \/>\n<meta property=\"og:image\" content=\"https:\/\/teleprismapromocionales.com.co\/wp-content\/uploads\/2021\/07\/Cargador-de-Pared-Nave.jpg\" \/>\n\t<meta property=\"og:image:width\" content=\"470\" \/>\n\t<meta property=\"og:image:height\" content=\"470\" \/>\n\t<meta property=\"og:image:type\" content=\"image\/jpeg\" \/>\n<meta name=\"twitter:card\" content=\"summary_large_image\" \/>\n<script type=\"application\/ld+json\" class=\"yoast-schema-graph\">{\"@context\":\"https:\/\/schema.org\",\"@graph\":[{\"@type\":\"WebPage\",\"@id\":\"https:\/\/teleprismapromocionales.com.co\/?product=cargador-de-pared-nave\",\"url\":\"https:\/\/teleprismapromocionales.com.co\/?product=cargador-de-pared-nave\",\"name\":\"Cargador de Pared Nave - ArtIculos Promocionales, Merchandising y Regalos Empresariales\",\"isPartOf\":{\"@id\":\"https:\/\/teleprismapromocionales.com.co\/#website\"},\"primaryImageOfPage\":{\"@id\":\"https:\/\/teleprismapromocionales.com.co\/?product=cargador-de-pared-nave#primaryimage\"},\"image\":{\"@id\":\"https:\/\/teleprismapromocionales.com.co\/?product=cargador-de-pared-nave#primaryimage\"},\"thumbnailUrl\":\"https:\/\/teleprismapromocionales.com.co\/wp-content\/uploads\/2021\/07\/Cargador-de-Pared-Nave.jpg\",\"datePublished\":\"2021-07-13T21:07:17+00:00\",\"dateModified\":\"2023-07-14T20:17:29+00:00\",\"breadcrumb\":{\"@id\":\"https:\/\/teleprismapromocionales.com.co\/?product=cargador-de-pared-nave#breadcrumb\"},\"inLanguage\":\"es-CO\",\"potentialAction\":[{\"@type\":\"ReadAction\",\"target\":[\"https:\/\/teleprismapromocionales.com.co\/?product=cargador-de-pared-nave\"]}]},{\"@type\":\"ImageObject\",\"inLanguage\":\"es-CO\",\"@id\":\"https:\/\/teleprismapromocionales.com.co\/?product=cargador-de-pared-nave#primaryimage\",\"url\":\"https:\/\/teleprismapromocionales.com.co\/wp-content\/uploads\/2021\/07\/Cargador-de-Pared-Nave.jpg\",\"contentUrl\":\"https:\/\/teleprismapromocionales.com.co\/wp-content\/uploads\/2021\/07\/Cargador-de-Pared-Nave.jpg\",\"width\":470,\"height\":470},{\"@type\":\"BreadcrumbList\",\"@id\":\"https:\/\/teleprismapromocionales.com.co\/?product=cargador-de-pared-nave#breadcrumb\",\"itemListElement\":[{\"@type\":\"ListItem\",\"position\":1,\"name\":\"Home\",\"item\":\"https:\/\/teleprismapromocionales.com.co\/\"},{\"@type\":\"ListItem\",\"position\":2,\"name\":\"Productos\",\"item\":\"https:\/\/teleprismapromocionales.com.co\/?page_id=24\"},{\"@type\":\"ListItem\",\"position\":3,\"name\":\"Cargador de Pared Nave\"}]},{\"@type\":\"WebSite\",\"@id\":\"https:\/\/teleprismapromocionales.com.co\/#website\",\"url\":\"https:\/\/teleprismapromocionales.com.co\/\",\"name\":\"ArtIculos Promocionales, Merchandising y Regalos Empresariales\",\"description\":\"Art\u00edculos Promocionales, Merchandising, ropa publicitaria, Dummies, Piezas POP, Regalos Empresariales e Impresi\u00f3n Digital y Litogr\u00e1fica\",\"publisher\":{\"@id\":\"https:\/\/teleprismapromocionales.com.co\/#organization\"},\"potentialAction\":[{\"@type\":\"SearchAction\",\"target\":{\"@type\":\"EntryPoint\",\"urlTemplate\":\"https:\/\/teleprismapromocionales.com.co\/?s={search_term_string}\"},\"query-input\":{\"@type\":\"PropertyValueSpecification\",\"valueRequired\":true,\"valueName\":\"search_term_string\"}}],\"inLanguage\":\"es-CO\"},{\"@type\":\"Organization\",\"@id\":\"https:\/\/teleprismapromocionales.com.co\/#organization\",\"name\":\"Teleprisma promocionales\",\"url\":\"https:\/\/teleprismapromocionales.com.co\/\",\"logo\":{\"@type\":\"ImageObject\",\"inLanguage\":\"es-CO\",\"@id\":\"https:\/\/teleprismapromocionales.com.co\/#\/schema\/logo\/image\/\",\"url\":\"https:\/\/teleprismapromocionales.com\/wp-content\/uploads\/2019\/12\/logo.png\",\"contentUrl\":\"https:\/\/teleprismapromocionales.com\/wp-content\/uploads\/2019\/12\/logo.png\",\"width\":202,\"height\":50,\"caption\":\"Teleprisma promocionales\"},\"image\":{\"@id\":\"https:\/\/teleprismapromocionales.com.co\/#\/schema\/logo\/image\/\"},\"sameAs\":[\"https:\/\/www.facebook.com\/Teleprisma-SAS-104012264626964\/\"]}]}<\/script>\n<!-- \/ Yoast SEO plugin. -->","yoast_head_json":{"title":"Cargador de Pared Nave - ArtIculos Promocionales, Merchandising y Regalos Empresariales","robots":{"index":"index","follow":"follow","max-snippet":"max-snippet:-1","max-image-preview":"max-image-preview:large","max-video-preview":"max-video-preview:-1"},"canonical":"https:\/\/teleprismapromocionales.com.co\/?product=cargador-de-pared-nave","og_locale":"es_ES","og_type":"article","og_title":"Cargador de Pared Nave - ArtIculos Promocionales, Merchandising y Regalos Empresariales","og_description":"Cargador de pared con un puerto USB  Colores Disponibles: Negro, verde, amarillo, naranja.","og_url":"https:\/\/teleprismapromocionales.com.co\/?product=cargador-de-pared-nave","og_site_name":"ArtIculos Promocionales, Merchandising y Regalos Empresariales","article_publisher":"https:\/\/www.facebook.com\/Teleprisma-SAS-104012264626964\/","article_modified_time":"2023-07-14T20:17:29+00:00","og_image":[{"width":470,"height":470,"url":"https:\/\/teleprismapromocionales.com.co\/wp-content\/uploads\/2021\/07\/Cargador-de-Pared-Nave.jpg","type":"image\/jpeg"}],"twitter_card":"summary_large_image","schema":{"@context":"https:\/\/schema.org","@graph":[{"@type":"WebPage","@id":"https:\/\/teleprismapromocionales.com.co\/?product=cargador-de-pared-nave","url":"https:\/\/teleprismapromocionales.com.co\/?product=cargador-de-pared-nave","name":"Cargador de Pared Nave - ArtIculos Promocionales, Merchandising y Regalos Empresariales","isPartOf":{"@id":"https:\/\/teleprismapromocionales.com.co\/#website"},"primaryImageOfPage":{"@id":"https:\/\/teleprismapromocionales.com.co\/?product=cargador-de-pared-nave#primaryimage"},"image":{"@id":"https:\/\/teleprismapromocionales.com.co\/?product=cargador-de-pared-nave#primaryimage"},"thumbnailUrl":"https:\/\/teleprismapromocionales.com.co\/wp-content\/uploads\/2021\/07\/Cargador-de-Pared-Nave.jpg","datePublished":"2021-07-13T21:07:17+00:00","dateModified":"2023-07-14T20:17:29+00:00","breadcrumb":{"@id":"https:\/\/teleprismapromocionales.com.co\/?product=cargador-de-pared-nave#breadcrumb"},"inLanguage":"es-CO","potentialAction":[{"@type":"ReadAction","target":["https:\/\/teleprismapromocionales.com.co\/?product=cargador-de-pared-nave"]}]},{"@type":"ImageObject","inLanguage":"es-CO","@id":"https:\/\/teleprismapromocionales.com.co\/?product=cargador-de-pared-nave#primaryimage","url":"https:\/\/teleprismapromocionales.com.co\/wp-content\/uploads\/2021\/07\/Cargador-de-Pared-Nave.jpg","contentUrl":"https:\/\/teleprismapromocionales.com.co\/wp-content\/uploads\/2021\/07\/Cargador-de-Pared-Nave.jpg","width":470,"height":470},{"@type":"BreadcrumbList","@id":"https:\/\/teleprismapromocionales.com.co\/?product=cargador-de-pared-nave#breadcrumb","itemListElement":[{"@type":"ListItem","position":1,"name":"Home","item":"https:\/\/teleprismapromocionales.com.co\/"},{"@type":"ListItem","position":2,"name":"Productos","item":"https:\/\/teleprismapromocionales.com.co\/?page_id=24"},{"@type":"ListItem","position":3,"name":"Cargador de Pared Nave"}]},{"@type":"WebSite","@id":"https:\/\/teleprismapromocionales.com.co\/#website","url":"https:\/\/teleprismapromocionales.com.co\/","name":"ArtIculos Promocionales, Merchandising y Regalos Empresariales","description":"Art\u00edculos Promocionales, Merchandising, ropa publicitaria, Dummies, Piezas POP, Regalos Empresariales e Impresi\u00f3n Digital y Litogr\u00e1fica","publisher":{"@id":"https:\/\/teleprismapromocionales.com.co\/#organization"},"potentialAction":[{"@type":"SearchAction","target":{"@type":"EntryPoint","urlTemplate":"https:\/\/teleprismapromocionales.com.co\/?s={search_term_string}"},"query-input":{"@type":"PropertyValueSpecification","valueRequired":true,"valueName":"search_term_string"}}],"inLanguage":"es-CO"},{"@type":"Organization","@id":"https:\/\/teleprismapromocionales.com.co\/#organization","name":"Teleprisma promocionales","url":"https:\/\/teleprismapromocionales.com.co\/","logo":{"@type":"ImageObject","inLanguage":"es-CO","@id":"https:\/\/teleprismapromocionales.com.co\/#\/schema\/logo\/image\/","url":"https:\/\/teleprismapromocionales.com\/wp-content\/uploads\/2019\/12\/logo.png","contentUrl":"https:\/\/teleprismapromocionales.com\/wp-content\/uploads\/2019\/12\/logo.png","width":202,"height":50,"caption":"Teleprisma promocionales"},"image":{"@id":"https:\/\/teleprismapromocionales.com.co\/#\/schema\/logo\/image\/"},"sameAs":["https:\/\/www.facebook.com\/Teleprisma-SAS-104012264626964\/"]}]}},"_links":{"self":[{"href":"https:\/\/teleprismapromocionales.com.co\/index.php?rest_route=\/wp\/v2\/product\/5831","targetHints":{"allow":["GET"]}}],"collection":[{"href":"https:\/\/teleprismapromocionales.com.co\/index.php?rest_route=\/wp\/v2\/product"}],"about":[{"href":"https:\/\/teleprismapromocionales.com.co\/index.php?rest_route=\/wp\/v2\/types\/product"}],"replies":[{"embeddable":true,"href":"https:\/\/teleprismapromocionales.com.co\/index.php?rest_route=%2Fwp%2Fv2%2Fcomments&post=5831"}],"wp:featuredmedia":[{"embeddable":true,"href":"https:\/\/teleprismapromocionales.com.co\/index.php?rest_route=\/wp\/v2\/media\/5832"}],"wp:attachment":[{"href":"https:\/\/teleprismapromocionales.com.co\/index.php?rest_route=%2Fwp%2Fv2%2Fmedia&parent=5831"}],"wp:term":[{"taxonomy":"product_brand","embeddable":true,"href":"https:\/\/teleprismapromocionales.com.co\/index.php?rest_route=%2Fwp%2Fv2%2Fproduct_brand&post=5831"},{"taxonomy":"product_cat","embeddable":true,"href":"https:\/\/teleprismapromocionales.com.co\/index.php?rest_route=%2Fwp%2Fv2%2Fproduct_cat&post=5831"},{"taxonomy":"product_tag","embeddable":true,"href":"https:\/\/teleprismapromocionales.com.co\/index.php?rest_route=%2Fwp%2Fv2%2Fproduct_tag&post=5831"}],"curies":[{"name":"wp","href":"https:\/\/api.w.org\/{rel}","templated":true}]}}