{"id":27601,"date":"2024-02-21T11:57:38","date_gmt":"2024-02-21T16:57:38","guid":{"rendered":"https:\/\/teleprismapromocionales.com\/?post_type=product&#038;p=27601"},"modified":"2024-02-21T11:57:39","modified_gmt":"2024-02-21T16:57:39","slug":"paraguas-neon-21-fecha-de-importacion-08-03-2024","status":"publish","type":"product","link":"https:\/\/teleprismapromocionales.com.co\/?product=paraguas-neon-21-fecha-de-importacion-08-03-2024","title":{"rendered":"Paraguas Ne\u00f3n 21&#8243; &#8211; Fecha de importaci\u00f3n: 08\/03\/2024"},"content":{"rendered":"<p>Paraguas de 21 pulgadas x 2 secciones en colores ne\u00f3n. Apertura autom\u00e1tica y cierre manual. Incluye funda del color del paraguas.<br \/>\nMATERIAL:\u00a0190T Pongee. Mango en PP.<br \/>\nMEDIDAS:\u00a021 pulgadas x 8 cascos. Cobertura: Di\u00e1metro 91 cm.<\/p>\n","protected":false},"excerpt":{"rendered":"<p>Paraguas de 21 pulgadas x 2 secciones en colores ne\u00f3n. Apertura autom\u00e1tica y cierre manual. Incluye funda del color del paraguas. MATERIAL:\u00a0190T Pongee. Mango en PP. MEDIDAS:\u00a021 pulgadas x 8 cascos. Cobertura: Di\u00e1metro 91 cm.<\/p>\n","protected":false},"featured_media":27608,"comment_status":"open","ping_status":"closed","template":"","meta":[],"product_brand":[],"product_cat":[130],"product_tag":[],"class_list":{"0":"post-27601","1":"product","2":"type-product","3":"status-publish","4":"has-post-thumbnail","6":"product_cat-paraguas-mini","8":"first","9":"instock","10":"shipping-taxable","11":"product-type-simple"},"yoast_head":"<!-- This site is optimized with the Yoast SEO plugin v25.7 - https:\/\/yoast.com\/wordpress\/plugins\/seo\/ -->\n<title>Paraguas Ne\u00f3n 21&quot; - Fecha de importaci\u00f3n: 08\/03\/2024 - ArtIculos Promocionales, Merchandising y Regalos Empresariales<\/title>\n<meta name=\"robots\" content=\"index, follow, max-snippet:-1, max-image-preview:large, max-video-preview:-1\" \/>\n<link rel=\"canonical\" href=\"https:\/\/teleprismapromocionales.com.co\/?product=paraguas-neon-21-fecha-de-importacion-08-03-2024\" \/>\n<meta property=\"og:locale\" content=\"es_ES\" \/>\n<meta property=\"og:type\" content=\"article\" \/>\n<meta property=\"og:title\" content=\"Paraguas Ne\u00f3n 21&quot; - Fecha de importaci\u00f3n: 08\/03\/2024 - ArtIculos Promocionales, Merchandising y Regalos Empresariales\" \/>\n<meta property=\"og:description\" content=\"Paraguas de 21 pulgadas x 2 secciones en colores ne\u00f3n. Apertura autom\u00e1tica y cierre manual. Incluye funda del color del paraguas. MATERIAL:\u00a0190T Pongee. Mango en PP. MEDIDAS:\u00a021 pulgadas x 8 cascos. Cobertura: Di\u00e1metro 91 cm.\" \/>\n<meta property=\"og:url\" content=\"https:\/\/teleprismapromocionales.com.co\/?product=paraguas-neon-21-fecha-de-importacion-08-03-2024\" \/>\n<meta property=\"og:site_name\" content=\"ArtIculos Promocionales, Merchandising y Regalos Empresariales\" \/>\n<meta property=\"article:publisher\" content=\"https:\/\/www.facebook.com\/Teleprisma-SAS-104012264626964\/\" \/>\n<meta property=\"article:modified_time\" content=\"2024-02-21T16:57:39+00:00\" \/>\n<meta property=\"og:image\" content=\"https:\/\/teleprismapromocionales.com.co\/wp-content\/uploads\/2024\/02\/PA0099__37549_8wi6EwG-thumbnail-660x470-80.jpg\" \/>\n\t<meta property=\"og:image:width\" content=\"470\" \/>\n\t<meta property=\"og:image:height\" content=\"470\" \/>\n\t<meta property=\"og:image:type\" content=\"image\/jpeg\" \/>\n<meta name=\"twitter:card\" content=\"summary_large_image\" \/>\n<meta name=\"twitter:label1\" content=\"Tiempo de lectura\" \/>\n\t<meta name=\"twitter:data1\" content=\"1 minuto\" \/>\n<script type=\"application\/ld+json\" class=\"yoast-schema-graph\">{\"@context\":\"https:\/\/schema.org\",\"@graph\":[{\"@type\":\"WebPage\",\"@id\":\"https:\/\/teleprismapromocionales.com.co\/?product=paraguas-neon-21-fecha-de-importacion-08-03-2024\",\"url\":\"https:\/\/teleprismapromocionales.com.co\/?product=paraguas-neon-21-fecha-de-importacion-08-03-2024\",\"name\":\"Paraguas Ne\u00f3n 21\\\" - Fecha de importaci\u00f3n: 08\/03\/2024 - ArtIculos Promocionales, Merchandising y Regalos Empresariales\",\"isPartOf\":{\"@id\":\"https:\/\/teleprismapromocionales.com.co\/#website\"},\"primaryImageOfPage\":{\"@id\":\"https:\/\/teleprismapromocionales.com.co\/?product=paraguas-neon-21-fecha-de-importacion-08-03-2024#primaryimage\"},\"image\":{\"@id\":\"https:\/\/teleprismapromocionales.com.co\/?product=paraguas-neon-21-fecha-de-importacion-08-03-2024#primaryimage\"},\"thumbnailUrl\":\"https:\/\/teleprismapromocionales.com.co\/wp-content\/uploads\/2024\/02\/PA0099__37549_8wi6EwG-thumbnail-660x470-80.jpg\",\"datePublished\":\"2024-02-21T16:57:38+00:00\",\"dateModified\":\"2024-02-21T16:57:39+00:00\",\"breadcrumb\":{\"@id\":\"https:\/\/teleprismapromocionales.com.co\/?product=paraguas-neon-21-fecha-de-importacion-08-03-2024#breadcrumb\"},\"inLanguage\":\"es-CO\",\"potentialAction\":[{\"@type\":\"ReadAction\",\"target\":[\"https:\/\/teleprismapromocionales.com.co\/?product=paraguas-neon-21-fecha-de-importacion-08-03-2024\"]}]},{\"@type\":\"ImageObject\",\"inLanguage\":\"es-CO\",\"@id\":\"https:\/\/teleprismapromocionales.com.co\/?product=paraguas-neon-21-fecha-de-importacion-08-03-2024#primaryimage\",\"url\":\"https:\/\/teleprismapromocionales.com.co\/wp-content\/uploads\/2024\/02\/PA0099__37549_8wi6EwG-thumbnail-660x470-80.jpg\",\"contentUrl\":\"https:\/\/teleprismapromocionales.com.co\/wp-content\/uploads\/2024\/02\/PA0099__37549_8wi6EwG-thumbnail-660x470-80.jpg\",\"width\":470,\"height\":470},{\"@type\":\"BreadcrumbList\",\"@id\":\"https:\/\/teleprismapromocionales.com.co\/?product=paraguas-neon-21-fecha-de-importacion-08-03-2024#breadcrumb\",\"itemListElement\":[{\"@type\":\"ListItem\",\"position\":1,\"name\":\"Home\",\"item\":\"https:\/\/teleprismapromocionales.com.co\/\"},{\"@type\":\"ListItem\",\"position\":2,\"name\":\"Productos\",\"item\":\"https:\/\/teleprismapromocionales.com.co\/?page_id=24\"},{\"@type\":\"ListItem\",\"position\":3,\"name\":\"Paraguas Ne\u00f3n 21&#8243; &#8211; Fecha de importaci\u00f3n: 08\/03\/2024\"}]},{\"@type\":\"WebSite\",\"@id\":\"https:\/\/teleprismapromocionales.com.co\/#website\",\"url\":\"https:\/\/teleprismapromocionales.com.co\/\",\"name\":\"ArtIculos Promocionales, Merchandising y Regalos Empresariales\",\"description\":\"Art\u00edculos Promocionales, Merchandising, ropa publicitaria, Dummies, Piezas POP, Regalos Empresariales e Impresi\u00f3n Digital y Litogr\u00e1fica\",\"publisher\":{\"@id\":\"https:\/\/teleprismapromocionales.com.co\/#organization\"},\"potentialAction\":[{\"@type\":\"SearchAction\",\"target\":{\"@type\":\"EntryPoint\",\"urlTemplate\":\"https:\/\/teleprismapromocionales.com.co\/?s={search_term_string}\"},\"query-input\":{\"@type\":\"PropertyValueSpecification\",\"valueRequired\":true,\"valueName\":\"search_term_string\"}}],\"inLanguage\":\"es-CO\"},{\"@type\":\"Organization\",\"@id\":\"https:\/\/teleprismapromocionales.com.co\/#organization\",\"name\":\"Teleprisma promocionales\",\"url\":\"https:\/\/teleprismapromocionales.com.co\/\",\"logo\":{\"@type\":\"ImageObject\",\"inLanguage\":\"es-CO\",\"@id\":\"https:\/\/teleprismapromocionales.com.co\/#\/schema\/logo\/image\/\",\"url\":\"https:\/\/teleprismapromocionales.com\/wp-content\/uploads\/2019\/12\/logo.png\",\"contentUrl\":\"https:\/\/teleprismapromocionales.com\/wp-content\/uploads\/2019\/12\/logo.png\",\"width\":202,\"height\":50,\"caption\":\"Teleprisma promocionales\"},\"image\":{\"@id\":\"https:\/\/teleprismapromocionales.com.co\/#\/schema\/logo\/image\/\"},\"sameAs\":[\"https:\/\/www.facebook.com\/Teleprisma-SAS-104012264626964\/\"]}]}<\/script>\n<!-- \/ Yoast SEO plugin. -->","yoast_head_json":{"title":"Paraguas Ne\u00f3n 21\" - Fecha de importaci\u00f3n: 08\/03\/2024 - ArtIculos Promocionales, Merchandising y Regalos Empresariales","robots":{"index":"index","follow":"follow","max-snippet":"max-snippet:-1","max-image-preview":"max-image-preview:large","max-video-preview":"max-video-preview:-1"},"canonical":"https:\/\/teleprismapromocionales.com.co\/?product=paraguas-neon-21-fecha-de-importacion-08-03-2024","og_locale":"es_ES","og_type":"article","og_title":"Paraguas Ne\u00f3n 21\" - Fecha de importaci\u00f3n: 08\/03\/2024 - ArtIculos Promocionales, Merchandising y Regalos Empresariales","og_description":"Paraguas de 21 pulgadas x 2 secciones en colores ne\u00f3n. Apertura autom\u00e1tica y cierre manual. Incluye funda del color del paraguas. MATERIAL:\u00a0190T Pongee. Mango en PP. MEDIDAS:\u00a021 pulgadas x 8 cascos. Cobertura: Di\u00e1metro 91 cm.","og_url":"https:\/\/teleprismapromocionales.com.co\/?product=paraguas-neon-21-fecha-de-importacion-08-03-2024","og_site_name":"ArtIculos Promocionales, Merchandising y Regalos Empresariales","article_publisher":"https:\/\/www.facebook.com\/Teleprisma-SAS-104012264626964\/","article_modified_time":"2024-02-21T16:57:39+00:00","og_image":[{"width":470,"height":470,"url":"https:\/\/teleprismapromocionales.com.co\/wp-content\/uploads\/2024\/02\/PA0099__37549_8wi6EwG-thumbnail-660x470-80.jpg","type":"image\/jpeg"}],"twitter_card":"summary_large_image","twitter_misc":{"Tiempo de lectura":"1 minuto"},"schema":{"@context":"https:\/\/schema.org","@graph":[{"@type":"WebPage","@id":"https:\/\/teleprismapromocionales.com.co\/?product=paraguas-neon-21-fecha-de-importacion-08-03-2024","url":"https:\/\/teleprismapromocionales.com.co\/?product=paraguas-neon-21-fecha-de-importacion-08-03-2024","name":"Paraguas Ne\u00f3n 21\" - Fecha de importaci\u00f3n: 08\/03\/2024 - ArtIculos Promocionales, Merchandising y Regalos Empresariales","isPartOf":{"@id":"https:\/\/teleprismapromocionales.com.co\/#website"},"primaryImageOfPage":{"@id":"https:\/\/teleprismapromocionales.com.co\/?product=paraguas-neon-21-fecha-de-importacion-08-03-2024#primaryimage"},"image":{"@id":"https:\/\/teleprismapromocionales.com.co\/?product=paraguas-neon-21-fecha-de-importacion-08-03-2024#primaryimage"},"thumbnailUrl":"https:\/\/teleprismapromocionales.com.co\/wp-content\/uploads\/2024\/02\/PA0099__37549_8wi6EwG-thumbnail-660x470-80.jpg","datePublished":"2024-02-21T16:57:38+00:00","dateModified":"2024-02-21T16:57:39+00:00","breadcrumb":{"@id":"https:\/\/teleprismapromocionales.com.co\/?product=paraguas-neon-21-fecha-de-importacion-08-03-2024#breadcrumb"},"inLanguage":"es-CO","potentialAction":[{"@type":"ReadAction","target":["https:\/\/teleprismapromocionales.com.co\/?product=paraguas-neon-21-fecha-de-importacion-08-03-2024"]}]},{"@type":"ImageObject","inLanguage":"es-CO","@id":"https:\/\/teleprismapromocionales.com.co\/?product=paraguas-neon-21-fecha-de-importacion-08-03-2024#primaryimage","url":"https:\/\/teleprismapromocionales.com.co\/wp-content\/uploads\/2024\/02\/PA0099__37549_8wi6EwG-thumbnail-660x470-80.jpg","contentUrl":"https:\/\/teleprismapromocionales.com.co\/wp-content\/uploads\/2024\/02\/PA0099__37549_8wi6EwG-thumbnail-660x470-80.jpg","width":470,"height":470},{"@type":"BreadcrumbList","@id":"https:\/\/teleprismapromocionales.com.co\/?product=paraguas-neon-21-fecha-de-importacion-08-03-2024#breadcrumb","itemListElement":[{"@type":"ListItem","position":1,"name":"Home","item":"https:\/\/teleprismapromocionales.com.co\/"},{"@type":"ListItem","position":2,"name":"Productos","item":"https:\/\/teleprismapromocionales.com.co\/?page_id=24"},{"@type":"ListItem","position":3,"name":"Paraguas Ne\u00f3n 21&#8243; &#8211; Fecha de importaci\u00f3n: 08\/03\/2024"}]},{"@type":"WebSite","@id":"https:\/\/teleprismapromocionales.com.co\/#website","url":"https:\/\/teleprismapromocionales.com.co\/","name":"ArtIculos Promocionales, Merchandising y Regalos Empresariales","description":"Art\u00edculos Promocionales, Merchandising, ropa publicitaria, Dummies, Piezas POP, Regalos Empresariales e Impresi\u00f3n Digital y Litogr\u00e1fica","publisher":{"@id":"https:\/\/teleprismapromocionales.com.co\/#organization"},"potentialAction":[{"@type":"SearchAction","target":{"@type":"EntryPoint","urlTemplate":"https:\/\/teleprismapromocionales.com.co\/?s={search_term_string}"},"query-input":{"@type":"PropertyValueSpecification","valueRequired":true,"valueName":"search_term_string"}}],"inLanguage":"es-CO"},{"@type":"Organization","@id":"https:\/\/teleprismapromocionales.com.co\/#organization","name":"Teleprisma promocionales","url":"https:\/\/teleprismapromocionales.com.co\/","logo":{"@type":"ImageObject","inLanguage":"es-CO","@id":"https:\/\/teleprismapromocionales.com.co\/#\/schema\/logo\/image\/","url":"https:\/\/teleprismapromocionales.com\/wp-content\/uploads\/2019\/12\/logo.png","contentUrl":"https:\/\/teleprismapromocionales.com\/wp-content\/uploads\/2019\/12\/logo.png","width":202,"height":50,"caption":"Teleprisma promocionales"},"image":{"@id":"https:\/\/teleprismapromocionales.com.co\/#\/schema\/logo\/image\/"},"sameAs":["https:\/\/www.facebook.com\/Teleprisma-SAS-104012264626964\/"]}]}},"_links":{"self":[{"href":"https:\/\/teleprismapromocionales.com.co\/index.php?rest_route=\/wp\/v2\/product\/27601","targetHints":{"allow":["GET"]}}],"collection":[{"href":"https:\/\/teleprismapromocionales.com.co\/index.php?rest_route=\/wp\/v2\/product"}],"about":[{"href":"https:\/\/teleprismapromocionales.com.co\/index.php?rest_route=\/wp\/v2\/types\/product"}],"replies":[{"embeddable":true,"href":"https:\/\/teleprismapromocionales.com.co\/index.php?rest_route=%2Fwp%2Fv2%2Fcomments&post=27601"}],"wp:featuredmedia":[{"embeddable":true,"href":"https:\/\/teleprismapromocionales.com.co\/index.php?rest_route=\/wp\/v2\/media\/27608"}],"wp:attachment":[{"href":"https:\/\/teleprismapromocionales.com.co\/index.php?rest_route=%2Fwp%2Fv2%2Fmedia&parent=27601"}],"wp:term":[{"taxonomy":"product_brand","embeddable":true,"href":"https:\/\/teleprismapromocionales.com.co\/index.php?rest_route=%2Fwp%2Fv2%2Fproduct_brand&post=27601"},{"taxonomy":"product_cat","embeddable":true,"href":"https:\/\/teleprismapromocionales.com.co\/index.php?rest_route=%2Fwp%2Fv2%2Fproduct_cat&post=27601"},{"taxonomy":"product_tag","embeddable":true,"href":"https:\/\/teleprismapromocionales.com.co\/index.php?rest_route=%2Fwp%2Fv2%2Fproduct_tag&post=27601"}],"curies":[{"name":"wp","href":"https:\/\/api.w.org\/{rel}","templated":true}]}}