{"id":1927,"date":"2019-01-07T09:19:38","date_gmt":"2019-01-07T14:19:38","guid":{"rendered":"http:\/\/teleprismapromocionales.com\/completa-transazione\/"},"modified":"2022-10-05T14:41:45","modified_gmt":"2022-10-05T19:41:45","slug":"catalogo-2","status":"publish","type":"page","link":"https:\/\/teleprismapromocionales.com.co\/?page_id=1927","title":{"rendered":"Cat\u00e1logos Teleprisma"},"content":{"rendered":"<div class=\"wpb-content-wrapper\"><div class=\"vc_row wpb_row vc_row-fluid vc_custom_1580904184778 responsive_js_composer_custom_css_2097153701\"><div class=\"wpb_column vc_column_container vc_col-sm-12\"><div class=\"vc_column-inner\"><div class=\"wpb_wrapper\"><h2 style=\"font-size: 40px;text-align: center;font-family:Open Sans;font-weight:300;font-style:normal\" class=\"vc_custom_heading responsive_js_composer_custom_css_1286997839\" >Cat\u00e1logos Virtuales<\/h2><\/div><\/div><\/div><\/div><div class=\"vc_row wpb_row vc_row-fluid vc_custom_1580904244271 responsive_js_composer_custom_css_1878816098\"><div class=\"wpb_column vc_column_container vc_col-sm-4\"><div class=\"vc_column-inner\"><div class=\"wpb_wrapper\">\n\t<div class=\"wpb_single_image wpb_content_element vc_align_left  responsive_js_composer_custom_css_1767164901\">\n\t\t\n\t\t<figure class=\"wpb_wrapper vc_figure\">\n\t\t\t<a href=\"https:\/\/teleprismapromocionales.co\/wp-content\/uploads\/2022\/07\/ANTIESTRES-2022.pdf\" target=\"_blank\" class=\"vc_single_image-wrapper   vc_box_border_grey\"><img loading=\"lazy\" decoding=\"async\" width=\"628\" height=\"800\" src=\"https:\/\/teleprismapromocionales.com.co\/wp-content\/uploads\/2022\/07\/antiestres2-1.jpg\" class=\"vc_single_image-img attachment-full\" alt=\"\" title=\"antiestres2\" srcset=\"https:\/\/teleprismapromocionales.com.co\/wp-content\/uploads\/2022\/07\/antiestres2-1.jpg 628w, https:\/\/teleprismapromocionales.com.co\/wp-content\/uploads\/2022\/07\/antiestres2-1-236x300.jpg 236w, https:\/\/teleprismapromocionales.com.co\/wp-content\/uploads\/2022\/07\/antiestres2-1-600x764.jpg 600w\" sizes=\"auto, (max-width: 628px) 100vw, 628px\" \/><\/a>\n\t\t<\/figure>\n\t<\/div>\n<\/div><\/div><\/div><div class=\"wpb_column vc_column_container vc_col-sm-4 responsive_js_composer_custom_css_1328035042\"><div class=\"vc_column-inner\"><div class=\"wpb_wrapper\">\n\t<div class=\"wpb_single_image wpb_content_element vc_align_left  responsive_js_composer_custom_css_419412704\">\n\t\t\n\t\t<figure class=\"wpb_wrapper vc_figure\">\n\t\t\t<a href=\"https:\/\/teleprismapromocionales.co\/wp-content\/uploads\/2022\/07\/Revista-colombia-220606-web.pdf\" target=\"_blank\" class=\"vc_single_image-wrapper   vc_box_border_grey\"><img loading=\"lazy\" decoding=\"async\" width=\"628\" height=\"800\" src=\"https:\/\/teleprismapromocionales.com.co\/wp-content\/uploads\/2022\/07\/colombia-1.jpg\" class=\"vc_single_image-img attachment-full\" alt=\"\" title=\"colombia\" srcset=\"https:\/\/teleprismapromocionales.com.co\/wp-content\/uploads\/2022\/07\/colombia-1.jpg 628w, https:\/\/teleprismapromocionales.com.co\/wp-content\/uploads\/2022\/07\/colombia-1-236x300.jpg 236w, https:\/\/teleprismapromocionales.com.co\/wp-content\/uploads\/2022\/07\/colombia-1-600x764.jpg 600w\" sizes=\"auto, (max-width: 628px) 100vw, 628px\" \/><\/a>\n\t\t<\/figure>\n\t<\/div>\n<\/div><\/div><\/div><div class=\"wpb_column vc_column_container vc_col-sm-4\"><div class=\"vc_column-inner\"><div class=\"wpb_wrapper\">\n\t<div class=\"wpb_single_image wpb_content_element vc_align_left  responsive_js_composer_custom_css_1914424415\">\n\t\t\n\t\t<figure class=\"wpb_wrapper vc_figure\">\n\t\t\t<a href=\"https:\/\/teleprismapromocionales.co\/wp-content\/uploads\/2022\/07\/BOLIGRAFOS-2022.pdf\" target=\"_blank\" class=\"vc_single_image-wrapper   vc_box_border_grey\"><img loading=\"lazy\" decoding=\"async\" width=\"628\" height=\"800\" src=\"https:\/\/teleprismapromocionales.com.co\/wp-content\/uploads\/2022\/07\/esferos-1.jpg\" class=\"vc_single_image-img attachment-full\" alt=\"\" title=\"esferos\" srcset=\"https:\/\/teleprismapromocionales.com.co\/wp-content\/uploads\/2022\/07\/esferos-1.jpg 628w, https:\/\/teleprismapromocionales.com.co\/wp-content\/uploads\/2022\/07\/esferos-1-236x300.jpg 236w, https:\/\/teleprismapromocionales.com.co\/wp-content\/uploads\/2022\/07\/esferos-1-600x764.jpg 600w\" sizes=\"auto, (max-width: 628px) 100vw, 628px\" \/><\/a>\n\t\t<\/figure>\n\t<\/div>\n<\/div><\/div><\/div><\/div><div class=\"vc_row wpb_row vc_row-fluid vc_custom_1580904244271 responsive_js_composer_custom_css_2068426667\"><div class=\"wpb_column vc_column_container vc_col-sm-4\"><div class=\"vc_column-inner\"><div class=\"wpb_wrapper\">\n\t<div class=\"wpb_single_image wpb_content_element vc_align_left  responsive_js_composer_custom_css_169859555\">\n\t\t\n\t\t<figure class=\"wpb_wrapper vc_figure\">\n\t\t\t<a href=\"https:\/\/teleprismapromocionales.co\/wp-content\/uploads\/2022\/07\/paraguas.pdf\" target=\"_blank\" class=\"vc_single_image-wrapper   vc_box_border_grey\"><img loading=\"lazy\" decoding=\"async\" width=\"559\" height=\"800\" src=\"https:\/\/teleprismapromocionales.com.co\/wp-content\/uploads\/2022\/07\/paraguas.jpg\" class=\"vc_single_image-img attachment-full\" alt=\"\" title=\"paraguas\" srcset=\"https:\/\/teleprismapromocionales.com.co\/wp-content\/uploads\/2022\/07\/paraguas.jpg 559w, https:\/\/teleprismapromocionales.com.co\/wp-content\/uploads\/2022\/07\/paraguas-210x300.jpg 210w\" sizes=\"auto, (max-width: 559px) 100vw, 559px\" \/><\/a>\n\t\t<\/figure>\n\t<\/div>\n<\/div><\/div><\/div><div class=\"wpb_column vc_column_container vc_col-sm-4\"><div class=\"vc_column-inner\"><div class=\"wpb_wrapper\">\n\t<div class=\"wpb_single_image wpb_content_element vc_align_left  responsive_js_composer_custom_css_276993015\">\n\t\t\n\t\t<figure class=\"wpb_wrapper vc_figure\">\n\t\t\t<a href=\"https:\/\/teleprismapromocionales.co\/wp-content\/uploads\/2022\/07\/oficina.pdf\" target=\"_blank\" class=\"vc_single_image-wrapper   vc_box_border_grey\"><img loading=\"lazy\" decoding=\"async\" width=\"559\" height=\"800\" src=\"https:\/\/teleprismapromocionales.com.co\/wp-content\/uploads\/2022\/07\/oficina.jpg\" class=\"vc_single_image-img attachment-full\" alt=\"\" title=\"oficina\" srcset=\"https:\/\/teleprismapromocionales.com.co\/wp-content\/uploads\/2022\/07\/oficina.jpg 559w, https:\/\/teleprismapromocionales.com.co\/wp-content\/uploads\/2022\/07\/oficina-210x300.jpg 210w\" sizes=\"auto, (max-width: 559px) 100vw, 559px\" \/><\/a>\n\t\t<\/figure>\n\t<\/div>\n<\/div><\/div><\/div><div class=\"wpb_column vc_column_container vc_col-sm-4\"><div class=\"vc_column-inner\"><div class=\"wpb_wrapper\">\n\t<div class=\"wpb_single_image wpb_content_element vc_align_left  responsive_js_composer_custom_css_1086805639\">\n\t\t\n\t\t<figure class=\"wpb_wrapper vc_figure\">\n\t\t\t<a href=\"https:\/\/teleprismapromocionales.co\/wp-content\/uploads\/2022\/07\/Morrales.pdf\" target=\"_blank\" class=\"vc_single_image-wrapper   vc_box_border_grey\"><img loading=\"lazy\" decoding=\"async\" width=\"559\" height=\"800\" src=\"https:\/\/teleprismapromocionales.com.co\/wp-content\/uploads\/2022\/07\/morrales.jpg\" class=\"vc_single_image-img attachment-full\" alt=\"\" title=\"morrales\" srcset=\"https:\/\/teleprismapromocionales.com.co\/wp-content\/uploads\/2022\/07\/morrales.jpg 559w, https:\/\/teleprismapromocionales.com.co\/wp-content\/uploads\/2022\/07\/morrales-210x300.jpg 210w\" sizes=\"auto, (max-width: 559px) 100vw, 559px\" \/><\/a>\n\t\t<\/figure>\n\t<\/div>\n<\/div><\/div><\/div><\/div><div class=\"vc_row wpb_row vc_row-fluid vc_custom_1580904244271 responsive_js_composer_custom_css_1770837827\"><div class=\"wpb_column vc_column_container vc_col-sm-4\"><div class=\"vc_column-inner\"><div class=\"wpb_wrapper\">\n\t<div class=\"wpb_single_image wpb_content_element vc_align_left  responsive_js_composer_custom_css_1502378818\">\n\t\t\n\t\t<figure class=\"wpb_wrapper vc_figure\">\n\t\t\t<a href=\"https:\/\/teleprismapromocionales.co\/wp-content\/uploads\/2022\/07\/hogar.pdf\" target=\"_blank\" class=\"vc_single_image-wrapper   vc_box_border_grey\"><img loading=\"lazy\" decoding=\"async\" width=\"559\" height=\"800\" src=\"https:\/\/teleprismapromocionales.com.co\/wp-content\/uploads\/2022\/07\/hogar.jpg\" class=\"vc_single_image-img attachment-full\" alt=\"\" title=\"hogar\" srcset=\"https:\/\/teleprismapromocionales.com.co\/wp-content\/uploads\/2022\/07\/hogar.jpg 559w, https:\/\/teleprismapromocionales.com.co\/wp-content\/uploads\/2022\/07\/hogar-210x300.jpg 210w\" sizes=\"auto, (max-width: 559px) 100vw, 559px\" \/><\/a>\n\t\t<\/figure>\n\t<\/div>\n<\/div><\/div><\/div><div class=\"wpb_column vc_column_container vc_col-sm-4\"><div class=\"vc_column-inner\"><div class=\"wpb_wrapper\">\n\t<div class=\"wpb_single_image wpb_content_element vc_align_left  responsive_js_composer_custom_css_422895187\">\n\t\t\n\t\t<figure class=\"wpb_wrapper vc_figure\">\n\t\t\t<a href=\"https:\/\/teleprismapromocionales.co\/wp-content\/uploads\/2022\/07\/herramientas.pdf\" target=\"_blank\" class=\"vc_single_image-wrapper   vc_box_border_grey\"><img loading=\"lazy\" decoding=\"async\" width=\"559\" height=\"800\" src=\"https:\/\/teleprismapromocionales.com.co\/wp-content\/uploads\/2022\/07\/herramientas.jpg\" class=\"vc_single_image-img attachment-full\" alt=\"\" title=\"herramientas\" srcset=\"https:\/\/teleprismapromocionales.com.co\/wp-content\/uploads\/2022\/07\/herramientas.jpg 559w, https:\/\/teleprismapromocionales.com.co\/wp-content\/uploads\/2022\/07\/herramientas-210x300.jpg 210w\" sizes=\"auto, (max-width: 559px) 100vw, 559px\" \/><\/a>\n\t\t<\/figure>\n\t<\/div>\n<\/div><\/div><\/div><div class=\"wpb_column vc_column_container vc_col-sm-4\"><div class=\"vc_column-inner\"><div class=\"wpb_wrapper\">\n\t<div class=\"wpb_single_image wpb_content_element vc_align_left  responsive_js_composer_custom_css_1938096320\">\n\t\t\n\t\t<figure class=\"wpb_wrapper vc_figure\">\n\t\t\t<a href=\"https:\/\/teleprismapromocionales.co\/wp-content\/uploads\/2022\/07\/gorras.pdf\" target=\"_blank\" class=\"vc_single_image-wrapper   vc_box_border_grey\"><img loading=\"lazy\" decoding=\"async\" width=\"559\" height=\"800\" src=\"https:\/\/teleprismapromocionales.com.co\/wp-content\/uploads\/2022\/07\/gorras.jpg\" class=\"vc_single_image-img attachment-full\" alt=\"\" title=\"gorras\" srcset=\"https:\/\/teleprismapromocionales.com.co\/wp-content\/uploads\/2022\/07\/gorras.jpg 559w, https:\/\/teleprismapromocionales.com.co\/wp-content\/uploads\/2022\/07\/gorras-210x300.jpg 210w\" sizes=\"auto, (max-width: 559px) 100vw, 559px\" \/><\/a>\n\t\t<\/figure>\n\t<\/div>\n<\/div><\/div><\/div><\/div><div class=\"vc_row wpb_row vc_row-fluid vc_custom_1580904244271 responsive_js_composer_custom_css_544817127\"><div class=\"wpb_column vc_column_container vc_col-sm-4\"><div class=\"vc_column-inner\"><div class=\"wpb_wrapper\">\n\t<div class=\"wpb_single_image wpb_content_element vc_align_left  responsive_js_composer_custom_css_849589550\">\n\t\t\n\t\t<figure class=\"wpb_wrapper vc_figure\">\n\t\t\t<a href=\"https:\/\/teleprismapromocionales.co\/wp-content\/uploads\/2022\/07\/escritura.pdf\" target=\"_blank\" class=\"vc_single_image-wrapper   vc_box_border_grey\"><img loading=\"lazy\" decoding=\"async\" width=\"559\" height=\"800\" src=\"https:\/\/teleprismapromocionales.com.co\/wp-content\/uploads\/2022\/07\/escritura.jpg\" class=\"vc_single_image-img attachment-full\" alt=\"\" title=\"escritura\" srcset=\"https:\/\/teleprismapromocionales.com.co\/wp-content\/uploads\/2022\/07\/escritura.jpg 559w, https:\/\/teleprismapromocionales.com.co\/wp-content\/uploads\/2022\/07\/escritura-210x300.jpg 210w\" sizes=\"auto, (max-width: 559px) 100vw, 559px\" \/><\/a>\n\t\t<\/figure>\n\t<\/div>\n<\/div><\/div><\/div><div class=\"wpb_column vc_column_container vc_col-sm-4 responsive_js_composer_custom_css_1834476212\"><div class=\"vc_column-inner\"><div class=\"wpb_wrapper\">\n\t<div class=\"wpb_single_image wpb_content_element vc_align_left  responsive_js_composer_custom_css_1851854247\">\n\t\t\n\t\t<figure class=\"wpb_wrapper vc_figure\">\n\t\t\t<a href=\"https:\/\/teleprismapromocionales.co\/wp-content\/uploads\/2022\/07\/bebidas.pdf\" target=\"_blank\" class=\"vc_single_image-wrapper   vc_box_border_grey\"><img loading=\"lazy\" decoding=\"async\" width=\"559\" height=\"800\" src=\"https:\/\/teleprismapromocionales.com.co\/wp-content\/uploads\/2022\/07\/bebidas.jpg\" class=\"vc_single_image-img attachment-full\" alt=\"\" title=\"bebidas\" srcset=\"https:\/\/teleprismapromocionales.com.co\/wp-content\/uploads\/2022\/07\/bebidas.jpg 559w, https:\/\/teleprismapromocionales.com.co\/wp-content\/uploads\/2022\/07\/bebidas-210x300.jpg 210w\" sizes=\"auto, (max-width: 559px) 100vw, 559px\" \/><\/a>\n\t\t<\/figure>\n\t<\/div>\n<\/div><\/div><\/div><div class=\"wpb_column vc_column_container vc_col-sm-4\"><div class=\"vc_column-inner\"><div class=\"wpb_wrapper\">\n\t<div class=\"wpb_single_image wpb_content_element vc_align_left  responsive_js_composer_custom_css_92041708\">\n\t\t\n\t\t<figure class=\"wpb_wrapper vc_figure\">\n\t\t\t<a href=\"https:\/\/teleprismapromocionales.co\/wp-content\/uploads\/2022\/07\/bar.pdf\" target=\"_blank\" class=\"vc_single_image-wrapper   vc_box_border_grey\"><img loading=\"lazy\" decoding=\"async\" width=\"559\" height=\"800\" src=\"https:\/\/teleprismapromocionales.com.co\/wp-content\/uploads\/2022\/07\/bas.jpg\" class=\"vc_single_image-img attachment-full\" alt=\"\" title=\"bas\" srcset=\"https:\/\/teleprismapromocionales.com.co\/wp-content\/uploads\/2022\/07\/bas.jpg 559w, https:\/\/teleprismapromocionales.com.co\/wp-content\/uploads\/2022\/07\/bas-210x300.jpg 210w\" sizes=\"auto, (max-width: 559px) 100vw, 559px\" \/><\/a>\n\t\t<\/figure>\n\t<\/div>\n<\/div><\/div><\/div><\/div><div class=\"vc_row wpb_row vc_row-fluid vc_custom_1580904236864 responsive_js_composer_custom_css_716914482\"><div class=\"wpb_column vc_column_container vc_col-sm-4\"><div class=\"vc_column-inner\"><div class=\"wpb_wrapper\">\n\t<div class=\"wpb_single_image wpb_content_element vc_align_left  responsive_js_composer_custom_css_1384914317\">\n\t\t\n\t\t<figure class=\"wpb_wrapper vc_figure\">\n\t\t\t<a href=\"https:\/\/teleprismapromocionales.co\/wp-content\/uploads\/2022\/07\/tecnologia.pdf\" target=\"_blank\" class=\"vc_single_image-wrapper   vc_box_border_grey\"><img loading=\"lazy\" decoding=\"async\" width=\"559\" height=\"800\" src=\"https:\/\/teleprismapromocionales.com.co\/wp-content\/uploads\/2022\/07\/tecnologia.jpg\" class=\"vc_single_image-img attachment-full\" alt=\"\" title=\"tecnologia\" srcset=\"https:\/\/teleprismapromocionales.com.co\/wp-content\/uploads\/2022\/07\/tecnologia.jpg 559w, https:\/\/teleprismapromocionales.com.co\/wp-content\/uploads\/2022\/07\/tecnologia-210x300.jpg 210w\" sizes=\"auto, (max-width: 559px) 100vw, 559px\" \/><\/a>\n\t\t<\/figure>\n\t<\/div>\n<\/div><\/div><\/div><div class=\"wpb_column vc_column_container vc_col-sm-4\"><div class=\"vc_column-inner\"><div class=\"wpb_wrapper\">\n\t<div class=\"wpb_single_image wpb_content_element vc_align_left  responsive_js_composer_custom_css_2002364307\">\n\t\t\n\t\t<figure class=\"wpb_wrapper vc_figure\">\n\t\t\t<a href=\"https:\/\/teleprismapromocionales.co\/wp-content\/uploads\/2022\/07\/salud.pdf\" target=\"_blank\" class=\"vc_single_image-wrapper   vc_box_border_grey\"><img loading=\"lazy\" decoding=\"async\" width=\"559\" height=\"800\" src=\"https:\/\/teleprismapromocionales.com.co\/wp-content\/uploads\/2022\/07\/salusybelleza.jpg\" class=\"vc_single_image-img attachment-full\" alt=\"\" title=\"salusybelleza\" srcset=\"https:\/\/teleprismapromocionales.com.co\/wp-content\/uploads\/2022\/07\/salusybelleza.jpg 559w, https:\/\/teleprismapromocionales.com.co\/wp-content\/uploads\/2022\/07\/salusybelleza-210x300.jpg 210w\" sizes=\"auto, (max-width: 559px) 100vw, 559px\" \/><\/a>\n\t\t<\/figure>\n\t<\/div>\n<\/div><\/div><\/div><\/div><div class=\"vc_row wpb_row vc_row-fluid vc_custom_1580904236864 responsive_js_composer_custom_css_958588287\"><div class=\"wpb_column vc_column_container vc_col-sm-4\"><div class=\"vc_column-inner\"><div class=\"wpb_wrapper\">\n\t<div class=\"wpb_single_image wpb_content_element vc_align_left  responsive_js_composer_custom_css_1215013070\">\n\t\t\n\t\t<figure class=\"wpb_wrapper vc_figure\">\n\t\t\t<a href=\"https:\/\/teleprismapromocionales.co\/wp-content\/uploads\/2022\/10\/Catalogo-Hallowen-v2.pdf\" target=\"_blank\" class=\"vc_single_image-wrapper   vc_box_border_grey\"><img loading=\"lazy\" decoding=\"async\" width=\"629\" height=\"800\" src=\"https:\/\/teleprismapromocionales.com.co\/wp-content\/uploads\/2022\/10\/teleprima-catalogo-cot.jpg\" class=\"vc_single_image-img attachment-full\" alt=\"\" title=\"teleprima-catalogo-cot\" srcset=\"https:\/\/teleprismapromocionales.com.co\/wp-content\/uploads\/2022\/10\/teleprima-catalogo-cot.jpg 629w, https:\/\/teleprismapromocionales.com.co\/wp-content\/uploads\/2022\/10\/teleprima-catalogo-cot-236x300.jpg 236w, https:\/\/teleprismapromocionales.com.co\/wp-content\/uploads\/2022\/10\/teleprima-catalogo-cot-600x763.jpg 600w\" sizes=\"auto, (max-width: 629px) 100vw, 629px\" \/><\/a>\n\t\t<\/figure>\n\t<\/div>\n<\/div><\/div><\/div><\/div>\n<\/div>","protected":false},"excerpt":{"rendered":"Cat\u00e1logos Virtuales","protected":false},"author":1,"featured_media":0,"parent":0,"menu_order":0,"comment_status":"closed","ping_status":"closed","template":"","meta":{"footnotes":""},"class_list":["post-1927","page","type-page","status-publish","hentry"],"yoast_head":"<!-- This site is optimized with the Yoast SEO plugin v25.7 - https:\/\/yoast.com\/wordpress\/plugins\/seo\/ -->\n<title>Cat\u00e1logos Teleprisma - ArtIculos Promocionales, Merchandising y Regalos Empresariales<\/title>\n<meta name=\"robots\" content=\"index, follow, max-snippet:-1, max-image-preview:large, max-video-preview:-1\" \/>\n<link rel=\"canonical\" href=\"https:\/\/teleprismapromocionales.com.co\/?page_id=1927\" \/>\n<meta property=\"og:locale\" content=\"es_ES\" \/>\n<meta property=\"og:type\" content=\"article\" \/>\n<meta property=\"og:title\" content=\"Cat\u00e1logos Teleprisma - ArtIculos Promocionales, Merchandising y Regalos Empresariales\" \/>\n<meta property=\"og:url\" content=\"https:\/\/teleprismapromocionales.com.co\/?page_id=1927\" \/>\n<meta property=\"og:site_name\" content=\"ArtIculos Promocionales, Merchandising y Regalos Empresariales\" \/>\n<meta property=\"article:publisher\" content=\"https:\/\/www.facebook.com\/Teleprisma-SAS-104012264626964\/\" \/>\n<meta property=\"article:modified_time\" content=\"2022-10-05T19:41:45+00:00\" \/>\n<meta name=\"twitter:card\" content=\"summary_large_image\" \/>\n<meta name=\"twitter:label1\" content=\"Tiempo de lectura\" \/>\n\t<meta name=\"twitter:data1\" content=\"4 minutos\" \/>\n<script type=\"application\/ld+json\" class=\"yoast-schema-graph\">{\"@context\":\"https:\/\/schema.org\",\"@graph\":[{\"@type\":\"WebPage\",\"@id\":\"https:\/\/teleprismapromocionales.com.co\/?page_id=1927\",\"url\":\"https:\/\/teleprismapromocionales.com.co\/?page_id=1927\",\"name\":\"Cat\u00e1logos Teleprisma - ArtIculos Promocionales, Merchandising y Regalos Empresariales\",\"isPartOf\":{\"@id\":\"https:\/\/teleprismapromocionales.com.co\/#website\"},\"datePublished\":\"2019-01-07T14:19:38+00:00\",\"dateModified\":\"2022-10-05T19:41:45+00:00\",\"breadcrumb\":{\"@id\":\"https:\/\/teleprismapromocionales.com.co\/?page_id=1927#breadcrumb\"},\"inLanguage\":\"es-CO\",\"potentialAction\":[{\"@type\":\"ReadAction\",\"target\":[\"https:\/\/teleprismapromocionales.com.co\/?page_id=1927\"]}]},{\"@type\":\"BreadcrumbList\",\"@id\":\"https:\/\/teleprismapromocionales.com.co\/?page_id=1927#breadcrumb\",\"itemListElement\":[{\"@type\":\"ListItem\",\"position\":1,\"name\":\"Home\",\"item\":\"https:\/\/teleprismapromocionales.com.co\/\"},{\"@type\":\"ListItem\",\"position\":2,\"name\":\"Cat\u00e1logos Teleprisma\"}]},{\"@type\":\"WebSite\",\"@id\":\"https:\/\/teleprismapromocionales.com.co\/#website\",\"url\":\"https:\/\/teleprismapromocionales.com.co\/\",\"name\":\"ArtIculos Promocionales, Merchandising y Regalos Empresariales\",\"description\":\"Art\u00edculos Promocionales, Merchandising, ropa publicitaria, Dummies, Piezas POP, Regalos Empresariales e Impresi\u00f3n Digital y Litogr\u00e1fica\",\"publisher\":{\"@id\":\"https:\/\/teleprismapromocionales.com.co\/#organization\"},\"potentialAction\":[{\"@type\":\"SearchAction\",\"target\":{\"@type\":\"EntryPoint\",\"urlTemplate\":\"https:\/\/teleprismapromocionales.com.co\/?s={search_term_string}\"},\"query-input\":{\"@type\":\"PropertyValueSpecification\",\"valueRequired\":true,\"valueName\":\"search_term_string\"}}],\"inLanguage\":\"es-CO\"},{\"@type\":\"Organization\",\"@id\":\"https:\/\/teleprismapromocionales.com.co\/#organization\",\"name\":\"Teleprisma promocionales\",\"url\":\"https:\/\/teleprismapromocionales.com.co\/\",\"logo\":{\"@type\":\"ImageObject\",\"inLanguage\":\"es-CO\",\"@id\":\"https:\/\/teleprismapromocionales.com.co\/#\/schema\/logo\/image\/\",\"url\":\"https:\/\/teleprismapromocionales.com\/wp-content\/uploads\/2019\/12\/logo.png\",\"contentUrl\":\"https:\/\/teleprismapromocionales.com\/wp-content\/uploads\/2019\/12\/logo.png\",\"width\":202,\"height\":50,\"caption\":\"Teleprisma promocionales\"},\"image\":{\"@id\":\"https:\/\/teleprismapromocionales.com.co\/#\/schema\/logo\/image\/\"},\"sameAs\":[\"https:\/\/www.facebook.com\/Teleprisma-SAS-104012264626964\/\"]}]}<\/script>\n<!-- \/ Yoast SEO plugin. -->","yoast_head_json":{"title":"Cat\u00e1logos Teleprisma - ArtIculos Promocionales, Merchandising y Regalos Empresariales","robots":{"index":"index","follow":"follow","max-snippet":"max-snippet:-1","max-image-preview":"max-image-preview:large","max-video-preview":"max-video-preview:-1"},"canonical":"https:\/\/teleprismapromocionales.com.co\/?page_id=1927","og_locale":"es_ES","og_type":"article","og_title":"Cat\u00e1logos Teleprisma - ArtIculos Promocionales, Merchandising y Regalos Empresariales","og_url":"https:\/\/teleprismapromocionales.com.co\/?page_id=1927","og_site_name":"ArtIculos Promocionales, Merchandising y Regalos Empresariales","article_publisher":"https:\/\/www.facebook.com\/Teleprisma-SAS-104012264626964\/","article_modified_time":"2022-10-05T19:41:45+00:00","twitter_card":"summary_large_image","twitter_misc":{"Tiempo de lectura":"4 minutos"},"schema":{"@context":"https:\/\/schema.org","@graph":[{"@type":"WebPage","@id":"https:\/\/teleprismapromocionales.com.co\/?page_id=1927","url":"https:\/\/teleprismapromocionales.com.co\/?page_id=1927","name":"Cat\u00e1logos Teleprisma - ArtIculos Promocionales, Merchandising y Regalos Empresariales","isPartOf":{"@id":"https:\/\/teleprismapromocionales.com.co\/#website"},"datePublished":"2019-01-07T14:19:38+00:00","dateModified":"2022-10-05T19:41:45+00:00","breadcrumb":{"@id":"https:\/\/teleprismapromocionales.com.co\/?page_id=1927#breadcrumb"},"inLanguage":"es-CO","potentialAction":[{"@type":"ReadAction","target":["https:\/\/teleprismapromocionales.com.co\/?page_id=1927"]}]},{"@type":"BreadcrumbList","@id":"https:\/\/teleprismapromocionales.com.co\/?page_id=1927#breadcrumb","itemListElement":[{"@type":"ListItem","position":1,"name":"Home","item":"https:\/\/teleprismapromocionales.com.co\/"},{"@type":"ListItem","position":2,"name":"Cat\u00e1logos Teleprisma"}]},{"@type":"WebSite","@id":"https:\/\/teleprismapromocionales.com.co\/#website","url":"https:\/\/teleprismapromocionales.com.co\/","name":"ArtIculos Promocionales, Merchandising y Regalos Empresariales","description":"Art\u00edculos Promocionales, Merchandising, ropa publicitaria, Dummies, Piezas POP, Regalos Empresariales e Impresi\u00f3n Digital y Litogr\u00e1fica","publisher":{"@id":"https:\/\/teleprismapromocionales.com.co\/#organization"},"potentialAction":[{"@type":"SearchAction","target":{"@type":"EntryPoint","urlTemplate":"https:\/\/teleprismapromocionales.com.co\/?s={search_term_string}"},"query-input":{"@type":"PropertyValueSpecification","valueRequired":true,"valueName":"search_term_string"}}],"inLanguage":"es-CO"},{"@type":"Organization","@id":"https:\/\/teleprismapromocionales.com.co\/#organization","name":"Teleprisma promocionales","url":"https:\/\/teleprismapromocionales.com.co\/","logo":{"@type":"ImageObject","inLanguage":"es-CO","@id":"https:\/\/teleprismapromocionales.com.co\/#\/schema\/logo\/image\/","url":"https:\/\/teleprismapromocionales.com\/wp-content\/uploads\/2019\/12\/logo.png","contentUrl":"https:\/\/teleprismapromocionales.com\/wp-content\/uploads\/2019\/12\/logo.png","width":202,"height":50,"caption":"Teleprisma promocionales"},"image":{"@id":"https:\/\/teleprismapromocionales.com.co\/#\/schema\/logo\/image\/"},"sameAs":["https:\/\/www.facebook.com\/Teleprisma-SAS-104012264626964\/"]}]}},"_links":{"self":[{"href":"https:\/\/teleprismapromocionales.com.co\/index.php?rest_route=\/wp\/v2\/pages\/1927","targetHints":{"allow":["GET"]}}],"collection":[{"href":"https:\/\/teleprismapromocionales.com.co\/index.php?rest_route=\/wp\/v2\/pages"}],"about":[{"href":"https:\/\/teleprismapromocionales.com.co\/index.php?rest_route=\/wp\/v2\/types\/page"}],"author":[{"embeddable":true,"href":"https:\/\/teleprismapromocionales.com.co\/index.php?rest_route=\/wp\/v2\/users\/1"}],"replies":[{"embeddable":true,"href":"https:\/\/teleprismapromocionales.com.co\/index.php?rest_route=%2Fwp%2Fv2%2Fcomments&post=1927"}],"version-history":[{"count":0,"href":"https:\/\/teleprismapromocionales.com.co\/index.php?rest_route=\/wp\/v2\/pages\/1927\/revisions"}],"wp:attachment":[{"href":"https:\/\/teleprismapromocionales.com.co\/index.php?rest_route=%2Fwp%2Fv2%2Fmedia&parent=1927"}],"curies":[{"name":"wp","href":"https:\/\/api.w.org\/{rel}","templated":true}]}}