{"id":1735,"date":"2019-01-03T08:57:37","date_gmt":"2019-01-03T13:57:37","guid":{"rendered":"http:\/\/teleprismapromocionales.com\/?page_id=1735"},"modified":"2021-06-24T12:59:33","modified_gmt":"2021-06-24T17:59:33","slug":"articulos-promocionales-merchandising-regalos-empresariales-2","status":"publish","type":"page","link":"https:\/\/teleprismapromocionales.com.co\/?page_id=1735","title":{"rendered":"Teleprisma"},"content":{"rendered":"<div class=\"wpb-content-wrapper\"><div class=\"vc_row wpb_row vc_row-fluid vc_row-o-equal-height vc_row-o-content-middle vc_row-flex responsive_js_composer_custom_css_1034843420\"><div class=\"wpb_column vc_column_container vc_col-sm-6 responsive_js_composer_custom_css_368313675\"><div class=\"vc_column-inner\"><div class=\"wpb_wrapper\">\n\t<div class=\"wpb_single_image wpb_content_element vc_align_center  responsive_js_composer_custom_css_507994625\">\n\t\t\n\t\t<figure class=\"wpb_wrapper vc_figure\">\n\t\t\t<div class=\"vc_single_image-wrapper   vc_box_border_grey\"><img loading=\"lazy\" decoding=\"async\" width=\"800\" height=\"800\" src=\"https:\/\/teleprismapromocionales.com.co\/wp-content\/uploads\/2020\/04\/servicios_1.jpg\" class=\"vc_single_image-img attachment-full\" alt=\"\" title=\"servicios_1\" srcset=\"https:\/\/teleprismapromocionales.com.co\/wp-content\/uploads\/2020\/04\/servicios_1.jpg 800w, https:\/\/teleprismapromocionales.com.co\/wp-content\/uploads\/2020\/04\/servicios_1-300x300.jpg 300w, https:\/\/teleprismapromocionales.com.co\/wp-content\/uploads\/2020\/04\/servicios_1-150x150.jpg 150w, https:\/\/teleprismapromocionales.com.co\/wp-content\/uploads\/2020\/04\/servicios_1-768x768.jpg 768w, https:\/\/teleprismapromocionales.com.co\/wp-content\/uploads\/2020\/04\/servicios_1-600x600.jpg 600w, https:\/\/teleprismapromocionales.com.co\/wp-content\/uploads\/2020\/04\/servicios_1-100x100.jpg 100w\" sizes=\"auto, (max-width: 800px) 100vw, 800px\" \/><\/div>\n\t\t<\/figure>\n\t<\/div>\n<\/div><\/div><\/div><div class=\"wpb_column vc_column_container vc_col-sm-6 responsive_js_composer_custom_css_1629049610\"><div class=\"vc_column-inner vc_custom_1546506407223\"><div class=\"wpb_wrapper\">            <div class=\"lebe-title style4   lebe_custom_css_1862395622   vc_custom_1586612185644 responsive_js_composer_custom_css_1094993935\">\r\n                <div class=\"title-inner\">\r\n                                            <h3 class=\"block-title\">\r\n                            MARCAS QUE SE VEN                        <\/h3>\r\n                                    <\/div>\r\n            <\/div>\r\n\r\n            \n\t<div class=\"wpb_text_column wpb_content_element  responsive_js_composer_custom_css_2118366072\" >\n\t\t<div class=\"wpb_wrapper\">\n\t\t\t<p>Teleprisma S.A.S. es una empresa colombiana con m\u00e1s de 15 a\u00f1os de experiencia en el mercado, que a trav\u00e9s de su talento humano logra dise\u00f1ar y entregar el material solicitado en tiempo r\u00e9cord, teniendo como objetivo divulgar y proyectar la marca o negocio de los clientes&#8230;<\/p>\n\n\t\t<\/div>\n\t<\/div>\n<\/div><\/div><\/div><\/div><div class=\"vc_row wpb_row vc_row-fluid vc_custom_1546506595404 vc_row-o-equal-height vc_row-o-content-middle vc_row-flex responsive_js_composer_custom_css_125487310\"><div class=\"wpb_column vc_column_container vc_col-sm-6 responsive_js_composer_custom_css_134148966\"><div class=\"vc_column-inner vc_custom_1546506814606\"><div class=\"wpb_wrapper\">            <div class=\"lebe-title style4   lebe_custom_css_794512290   vc_custom_1586612282851 responsive_js_composer_custom_css_824347151\">\r\n                <div class=\"title-inner\">\r\n                                            <h3 class=\"block-title\">\r\n                            PRODUCTOS Y SERVICIOS                        <\/h3>\r\n                                    <\/div>\r\n            <\/div>\r\n\r\n            \n\t<div class=\"wpb_text_column wpb_content_element  responsive_js_composer_custom_css_1271542658\" >\n\t\t<div class=\"wpb_wrapper\">\n\t\t\t<p>\u2022 Art\u00edculos promocionales y merchandising.<br \/>\n\u2022 Ropa Publicitaria: cachuchas, chaquetas y ropa de dotaci\u00f3n.<br \/>\n\u2022 Dummies.<br \/>\n\u2022 Impresi\u00f3n litogr\u00e1fica.<br \/>\n\u2022 Impresi\u00f3n digital de gran formato.<br \/>\n\u2022 Elementos POP: backings, pendones, exhibidores y tropezones entre otros.<br \/>\n\u2022 Regalos empresariales.<\/p>\n\n\t\t<\/div>\n\t<\/div>\n<\/div><\/div><\/div><div class=\"wpb_column vc_column_container vc_col-sm-6\"><div class=\"vc_column-inner\"><div class=\"wpb_wrapper\">\n\t<div class=\"wpb_single_image wpb_content_element vc_align_center  responsive_js_composer_custom_css_1389731941\">\n\t\t\n\t\t<figure class=\"wpb_wrapper vc_figure\">\n\t\t\t<div class=\"vc_single_image-wrapper   vc_box_border_grey\"><img loading=\"lazy\" decoding=\"async\" width=\"800\" height=\"762\" src=\"https:\/\/teleprismapromocionales.com.co\/wp-content\/uploads\/2020\/04\/servicios_2.jpg\" class=\"vc_single_image-img attachment-full\" alt=\"\" title=\"servicios_2\" srcset=\"https:\/\/teleprismapromocionales.com.co\/wp-content\/uploads\/2020\/04\/servicios_2.jpg 800w, https:\/\/teleprismapromocionales.com.co\/wp-content\/uploads\/2020\/04\/servicios_2-300x286.jpg 300w, https:\/\/teleprismapromocionales.com.co\/wp-content\/uploads\/2020\/04\/servicios_2-768x732.jpg 768w, https:\/\/teleprismapromocionales.com.co\/wp-content\/uploads\/2020\/04\/servicios_2-600x572.jpg 600w\" sizes=\"auto, (max-width: 800px) 100vw, 800px\" \/><\/div>\n\t\t<\/figure>\n\t<\/div>\n<\/div><\/div><\/div><\/div><div data-vc-full-width=\"true\" data-vc-full-width-init=\"false\" class=\"vc_row wpb_row vc_row-fluid bg-parallax vc_custom_1624557569184 vc_row-has-fill responsive_js_composer_custom_css_1676371611\"><div class=\"wpb_column vc_column_container vc_col-sm-12 responsive_js_composer_custom_css_114782389\"><div class=\"vc_column-inner\"><div class=\"wpb_wrapper\"><h2 style=\"font-size: 30px;color: #ffffff;text-align: center\" class=\"vc_custom_heading vc_custom_1586612448814 responsive_js_composer_custom_css_358125666\" >NUESTRAS VENTAJAS<\/h2>            <div class=\"lebe-slider  lebe_custom_css_1650376278    responsive_js_composer_custom_css_1325552933\">\r\n                <div class=\"owl-carousel nav-center   \"  data-autoresponsive=\"\" data-autoplay=\"false\" data-nav=\"false\" data-dots=\"false\" data-loop=\"false\" data-slidespeed=\"200\" data-margin=\"0\"  data-responsive = '{\"0\":{\"items\":1, \"margin\":0}, \"481\":{\"items\":2, \"margin\":0}, \"768\":{\"items\":2, \"margin\":0}, \"992\":{\"items\":3, \"margin\":0}, \"1200\":{\"items\":3, \"margin\":0}, \"1500\":{\"items\":3, \"margin\":0}}'>\r\n\t\t\t\t\t            <div class=\"lebe-iconbox  style-04 lebe_custom_css_845735046   responsive_js_composer_custom_css_1302463653\">\r\n                <div class=\"iconbox-inner\">\r\n                    <div class=\"icon\"\r\n                        >\r\n                                                    <span class=\"flaticon-delivery-truck\"><\/span>\r\n                                            <\/div>\r\n                    <div class=\"content\">\r\n                                                    <h4 class=\"title\">\r\n                                Completo e Innovador<br \/>\nCat\u00e1logo de mercandising                            <\/h4>\r\n                                                                    <\/div>\r\n                                    <\/div>\r\n            <\/div>\r\n                        <div class=\"lebe-iconbox  style-04 lebe_custom_css_1559367102   responsive_js_composer_custom_css_2069623362\">\r\n                <div class=\"iconbox-inner\">\r\n                    <div class=\"icon\"\r\n                        >\r\n                                                    <span class=\"flaticon-credit-card-1\"><\/span>\r\n                                            <\/div>\r\n                    <div class=\"content\">\r\n                                                    <h4 class=\"title\">\r\n                                Entregas en Tiempo<br \/>\na nivel nacional                            <\/h4>\r\n                                                                    <\/div>\r\n                                    <\/div>\r\n            <\/div>\r\n                        <div class=\"lebe-iconbox  style-04 lebe_custom_css_1497417161   responsive_js_composer_custom_css_850429908\">\r\n                <div class=\"iconbox-inner\">\r\n                    <div class=\"icon\"\r\n                        >\r\n                                                    <span class=\"flaticon-support\"><\/span>\r\n                                            <\/div>\r\n                    <div class=\"content\">\r\n                                                    <h4 class=\"title\">\r\n                                Cumplimiento<br \/>\ny respaldo                            <\/h4>\r\n                                                                    <\/div>\r\n                                    <\/div>\r\n            <\/div>\r\n                            <\/div>\r\n            <\/div>\r\n\t\t\t<\/div><\/div><\/div><\/div><div class=\"vc_row-full-width vc_clearfix\"><\/div>\n<\/div>","protected":false},"excerpt":{"rendered":"MARCAS QUE SE VEN Teleprisma S.A.S. es una empresa colombiana con m\u00e1s de 15 a\u00f1os de experiencia en el mercado, que a trav\u00e9s de su talento humano logra dise\u00f1ar y entregar el material solicitado en tiempo r\u00e9cord, teniendo como objetivo divulgar y proyectar la marca o negocio de los clientes... PRODUCTOS Y SERVICIOS \u2022 Art\u00edculos [...]","protected":false},"author":1,"featured_media":0,"parent":0,"menu_order":0,"comment_status":"closed","ping_status":"closed","template":"","meta":{"footnotes":""},"class_list":["post-1735","page","type-page","status-publish","hentry"],"yoast_head":"<!-- This site is optimized with the Yoast SEO plugin v25.7 - https:\/\/yoast.com\/wordpress\/plugins\/seo\/ -->\n<title>Teleprisma - ArtIculos Promocionales, Merchandising y Regalos Empresariales<\/title>\n<meta name=\"description\" content=\"Art\u00edculos promocionales, Merchandising, Regalos Empresariales, Bioseguridad, Ropa, Publicidad, Impresi\u00f3n Digital y Litogr\u00e1fica.\" \/>\n<meta name=\"robots\" content=\"index, follow, max-snippet:-1, max-image-preview:large, max-video-preview:-1\" \/>\n<link rel=\"canonical\" href=\"https:\/\/teleprismapromocionales.com.co\/?page_id=1735\" \/>\n<meta property=\"og:locale\" content=\"es_ES\" \/>\n<meta property=\"og:type\" content=\"article\" \/>\n<meta property=\"og:title\" content=\"Teleprisma - ArtIculos Promocionales, Merchandising y Regalos Empresariales\" \/>\n<meta property=\"og:description\" content=\"Art\u00edculos promocionales, Merchandising, Regalos Empresariales, Bioseguridad, Ropa, Publicidad, Impresi\u00f3n Digital y Litogr\u00e1fica.\" \/>\n<meta property=\"og:url\" content=\"https:\/\/teleprismapromocionales.com.co\/?page_id=1735\" \/>\n<meta property=\"og:site_name\" content=\"ArtIculos Promocionales, Merchandising y Regalos Empresariales\" \/>\n<meta property=\"article:publisher\" content=\"https:\/\/www.facebook.com\/Teleprisma-SAS-104012264626964\/\" \/>\n<meta property=\"article:modified_time\" content=\"2021-06-24T17:59:33+00:00\" \/>\n<meta name=\"twitter:card\" content=\"summary_large_image\" \/>\n<meta name=\"twitter:label1\" content=\"Tiempo de lectura\" \/>\n\t<meta name=\"twitter:data1\" content=\"4 minutos\" \/>\n<script type=\"application\/ld+json\" class=\"yoast-schema-graph\">{\"@context\":\"https:\/\/schema.org\",\"@graph\":[{\"@type\":\"WebPage\",\"@id\":\"https:\/\/teleprismapromocionales.com.co\/?page_id=1735\",\"url\":\"https:\/\/teleprismapromocionales.com.co\/?page_id=1735\",\"name\":\"Teleprisma - ArtIculos Promocionales, Merchandising y Regalos Empresariales\",\"isPartOf\":{\"@id\":\"https:\/\/teleprismapromocionales.com.co\/#website\"},\"datePublished\":\"2019-01-03T13:57:37+00:00\",\"dateModified\":\"2021-06-24T17:59:33+00:00\",\"description\":\"Art\u00edculos promocionales, Merchandising, Regalos Empresariales, Bioseguridad, Ropa, Publicidad, Impresi\u00f3n Digital y Litogr\u00e1fica.\",\"breadcrumb\":{\"@id\":\"https:\/\/teleprismapromocionales.com.co\/?page_id=1735#breadcrumb\"},\"inLanguage\":\"es-CO\",\"potentialAction\":[{\"@type\":\"ReadAction\",\"target\":[\"https:\/\/teleprismapromocionales.com.co\/?page_id=1735\"]}]},{\"@type\":\"BreadcrumbList\",\"@id\":\"https:\/\/teleprismapromocionales.com.co\/?page_id=1735#breadcrumb\",\"itemListElement\":[{\"@type\":\"ListItem\",\"position\":1,\"name\":\"Home\",\"item\":\"https:\/\/teleprismapromocionales.com.co\/\"},{\"@type\":\"ListItem\",\"position\":2,\"name\":\"Teleprisma\"}]},{\"@type\":\"WebSite\",\"@id\":\"https:\/\/teleprismapromocionales.com.co\/#website\",\"url\":\"https:\/\/teleprismapromocionales.com.co\/\",\"name\":\"ArtIculos Promocionales, Merchandising y Regalos Empresariales\",\"description\":\"Art\u00edculos Promocionales, Merchandising, ropa publicitaria, Dummies, Piezas POP, Regalos Empresariales e Impresi\u00f3n Digital y Litogr\u00e1fica\",\"publisher\":{\"@id\":\"https:\/\/teleprismapromocionales.com.co\/#organization\"},\"potentialAction\":[{\"@type\":\"SearchAction\",\"target\":{\"@type\":\"EntryPoint\",\"urlTemplate\":\"https:\/\/teleprismapromocionales.com.co\/?s={search_term_string}\"},\"query-input\":{\"@type\":\"PropertyValueSpecification\",\"valueRequired\":true,\"valueName\":\"search_term_string\"}}],\"inLanguage\":\"es-CO\"},{\"@type\":\"Organization\",\"@id\":\"https:\/\/teleprismapromocionales.com.co\/#organization\",\"name\":\"Teleprisma promocionales\",\"url\":\"https:\/\/teleprismapromocionales.com.co\/\",\"logo\":{\"@type\":\"ImageObject\",\"inLanguage\":\"es-CO\",\"@id\":\"https:\/\/teleprismapromocionales.com.co\/#\/schema\/logo\/image\/\",\"url\":\"https:\/\/teleprismapromocionales.com\/wp-content\/uploads\/2019\/12\/logo.png\",\"contentUrl\":\"https:\/\/teleprismapromocionales.com\/wp-content\/uploads\/2019\/12\/logo.png\",\"width\":202,\"height\":50,\"caption\":\"Teleprisma promocionales\"},\"image\":{\"@id\":\"https:\/\/teleprismapromocionales.com.co\/#\/schema\/logo\/image\/\"},\"sameAs\":[\"https:\/\/www.facebook.com\/Teleprisma-SAS-104012264626964\/\"]}]}<\/script>\n<!-- \/ Yoast SEO plugin. -->","yoast_head_json":{"title":"Teleprisma - ArtIculos Promocionales, Merchandising y Regalos Empresariales","description":"Art\u00edculos promocionales, Merchandising, Regalos Empresariales, Bioseguridad, Ropa, Publicidad, Impresi\u00f3n Digital y Litogr\u00e1fica.","robots":{"index":"index","follow":"follow","max-snippet":"max-snippet:-1","max-image-preview":"max-image-preview:large","max-video-preview":"max-video-preview:-1"},"canonical":"https:\/\/teleprismapromocionales.com.co\/?page_id=1735","og_locale":"es_ES","og_type":"article","og_title":"Teleprisma - ArtIculos Promocionales, Merchandising y Regalos Empresariales","og_description":"Art\u00edculos promocionales, Merchandising, Regalos Empresariales, Bioseguridad, Ropa, Publicidad, Impresi\u00f3n Digital y Litogr\u00e1fica.","og_url":"https:\/\/teleprismapromocionales.com.co\/?page_id=1735","og_site_name":"ArtIculos Promocionales, Merchandising y Regalos Empresariales","article_publisher":"https:\/\/www.facebook.com\/Teleprisma-SAS-104012264626964\/","article_modified_time":"2021-06-24T17:59:33+00:00","twitter_card":"summary_large_image","twitter_misc":{"Tiempo de lectura":"4 minutos"},"schema":{"@context":"https:\/\/schema.org","@graph":[{"@type":"WebPage","@id":"https:\/\/teleprismapromocionales.com.co\/?page_id=1735","url":"https:\/\/teleprismapromocionales.com.co\/?page_id=1735","name":"Teleprisma - ArtIculos Promocionales, Merchandising y Regalos Empresariales","isPartOf":{"@id":"https:\/\/teleprismapromocionales.com.co\/#website"},"datePublished":"2019-01-03T13:57:37+00:00","dateModified":"2021-06-24T17:59:33+00:00","description":"Art\u00edculos promocionales, Merchandising, Regalos Empresariales, Bioseguridad, Ropa, Publicidad, Impresi\u00f3n Digital y Litogr\u00e1fica.","breadcrumb":{"@id":"https:\/\/teleprismapromocionales.com.co\/?page_id=1735#breadcrumb"},"inLanguage":"es-CO","potentialAction":[{"@type":"ReadAction","target":["https:\/\/teleprismapromocionales.com.co\/?page_id=1735"]}]},{"@type":"BreadcrumbList","@id":"https:\/\/teleprismapromocionales.com.co\/?page_id=1735#breadcrumb","itemListElement":[{"@type":"ListItem","position":1,"name":"Home","item":"https:\/\/teleprismapromocionales.com.co\/"},{"@type":"ListItem","position":2,"name":"Teleprisma"}]},{"@type":"WebSite","@id":"https:\/\/teleprismapromocionales.com.co\/#website","url":"https:\/\/teleprismapromocionales.com.co\/","name":"ArtIculos Promocionales, Merchandising y Regalos Empresariales","description":"Art\u00edculos Promocionales, Merchandising, ropa publicitaria, Dummies, Piezas POP, Regalos Empresariales e Impresi\u00f3n Digital y Litogr\u00e1fica","publisher":{"@id":"https:\/\/teleprismapromocionales.com.co\/#organization"},"potentialAction":[{"@type":"SearchAction","target":{"@type":"EntryPoint","urlTemplate":"https:\/\/teleprismapromocionales.com.co\/?s={search_term_string}"},"query-input":{"@type":"PropertyValueSpecification","valueRequired":true,"valueName":"search_term_string"}}],"inLanguage":"es-CO"},{"@type":"Organization","@id":"https:\/\/teleprismapromocionales.com.co\/#organization","name":"Teleprisma promocionales","url":"https:\/\/teleprismapromocionales.com.co\/","logo":{"@type":"ImageObject","inLanguage":"es-CO","@id":"https:\/\/teleprismapromocionales.com.co\/#\/schema\/logo\/image\/","url":"https:\/\/teleprismapromocionales.com\/wp-content\/uploads\/2019\/12\/logo.png","contentUrl":"https:\/\/teleprismapromocionales.com\/wp-content\/uploads\/2019\/12\/logo.png","width":202,"height":50,"caption":"Teleprisma promocionales"},"image":{"@id":"https:\/\/teleprismapromocionales.com.co\/#\/schema\/logo\/image\/"},"sameAs":["https:\/\/www.facebook.com\/Teleprisma-SAS-104012264626964\/"]}]}},"_links":{"self":[{"href":"https:\/\/teleprismapromocionales.com.co\/index.php?rest_route=\/wp\/v2\/pages\/1735","targetHints":{"allow":["GET"]}}],"collection":[{"href":"https:\/\/teleprismapromocionales.com.co\/index.php?rest_route=\/wp\/v2\/pages"}],"about":[{"href":"https:\/\/teleprismapromocionales.com.co\/index.php?rest_route=\/wp\/v2\/types\/page"}],"author":[{"embeddable":true,"href":"https:\/\/teleprismapromocionales.com.co\/index.php?rest_route=\/wp\/v2\/users\/1"}],"replies":[{"embeddable":true,"href":"https:\/\/teleprismapromocionales.com.co\/index.php?rest_route=%2Fwp%2Fv2%2Fcomments&post=1735"}],"version-history":[{"count":0,"href":"https:\/\/teleprismapromocionales.com.co\/index.php?rest_route=\/wp\/v2\/pages\/1735\/revisions"}],"wp:attachment":[{"href":"https:\/\/teleprismapromocionales.com.co\/index.php?rest_route=%2Fwp%2Fv2%2Fmedia&parent=1735"}],"curies":[{"name":"wp","href":"https:\/\/api.w.org\/{rel}","templated":true}]}}