{"id":1724,"date":"2019-01-03T08:08:27","date_gmt":"2019-01-03T08:08:27","guid":{"rendered":"http:\/\/teleprismapromocionales.com\/?page_id=1724"},"modified":"2023-04-17T07:54:43","modified_gmt":"2023-04-17T12:54:43","slug":"contacto","status":"publish","type":"page","link":"https:\/\/teleprismapromocionales.com.co\/?page_id=1724","title":{"rendered":"Contacto Teleprisma"},"content":{"rendered":"<div class=\"wpb-content-wrapper\"><div class=\"vc_row wpb_row vc_row-fluid responsive_js_composer_custom_css_1033155612\"><div class=\"wpb_column vc_column_container vc_col-sm-12 vc_col-lg-offset-1 vc_col-lg-10 vc_col-md-12 responsive_js_composer_custom_css_994880224\"><div class=\"vc_column-inner\"><div class=\"wpb_wrapper\"><div class=\"vc_row wpb_row vc_inner vc_row-fluid responsive_js_composer_custom_css_1930114671\"><div class=\"wpb_column vc_column_container vc_col-sm-6 responsive_js_composer_custom_css_972212386\"><div class=\"vc_column-inner vc_custom_1546503607305\"><div class=\"wpb_wrapper\"><h4 style=\"font-size: 14px;color: #000000;line-height: 24px;text-align: left;font-family:Open Sans;font-weight:600;font-style:normal\" class=\"vc_custom_heading vc_custom_1586613278975 responsive_js_composer_custom_css_1786465768\" >LL\u00c1MENOS<\/h4>\n\t<div class=\"wpb_text_column wpb_content_element  vc_custom_1661283729124 responsive_js_composer_custom_css_1681087459\" >\n\t\t<div class=\"wpb_wrapper\">\n\t\t\t<p>Tel.: (601) 6363139<br \/>\nM\u00f3vil: 310 6745738<br \/>\n<img loading=\"lazy\" decoding=\"async\" class=\"wp-image-9963 alignnone\" src=\"https:\/\/teleprismapromocionales.co\/wp-content\/uploads\/2022\/08\/124034-300x300.png\" alt=\"\" width=\"28\" height=\"28\" srcset=\"https:\/\/teleprismapromocionales.com.co\/wp-content\/uploads\/2022\/08\/124034-300x300.png 300w, https:\/\/teleprismapromocionales.com.co\/wp-content\/uploads\/2022\/08\/124034-150x150.png 150w, https:\/\/teleprismapromocionales.com.co\/wp-content\/uploads\/2022\/08\/124034.png 512w, https:\/\/teleprismapromocionales.com.co\/wp-content\/uploads\/2022\/08\/124034-100x100.png 100w\" sizes=\"auto, (max-width: 28px) 100vw, 28px\" \/>\u00a0 \u00a0310 7807490<\/p>\n<p>Calle 69 B No. 69 A 23<br \/>\nBogot\u00e1 &#8211; Colombia<br \/>\nteleprisma.av@gmail.com<br \/>\nteleprismapromocionales.com<\/p>\n\n\t\t<\/div>\n\t<\/div>\n<\/div><\/div><\/div><div class=\"wpb_column vc_column_container vc_col-sm-6 responsive_js_composer_custom_css_1354657299\"><div class=\"vc_column-inner\"><div class=\"wpb_wrapper\">\n<div class=\"wpcf7 no-js\" id=\"wpcf7-f4632-o1\" lang=\"es-CO\" dir=\"ltr\" data-wpcf7-id=\"4632\">\n<div class=\"screen-reader-response\"><p role=\"status\" aria-live=\"polite\" aria-atomic=\"true\"><\/p> <ul><\/ul><\/div>\n<form action=\"\/index.php?rest_route=%2Fwp%2Fv2%2Fpages%2F1724#wpcf7-f4632-o1\" method=\"post\" class=\"wpcf7-form init\" aria-label=\"Formulario de contacto\" novalidate=\"novalidate\" data-status=\"init\">\n<fieldset class=\"hidden-fields-container\"><input type=\"hidden\" name=\"_wpcf7\" value=\"4632\" \/><input type=\"hidden\" name=\"_wpcf7_version\" value=\"6.1.1\" \/><input type=\"hidden\" name=\"_wpcf7_locale\" value=\"es_CO\" \/><input type=\"hidden\" name=\"_wpcf7_unit_tag\" value=\"wpcf7-f4632-o1\" \/><input type=\"hidden\" name=\"_wpcf7_container_post\" value=\"0\" \/><input type=\"hidden\" name=\"_wpcf7_posted_data_hash\" value=\"\" \/><input type=\"hidden\" name=\"_wpcf7_recaptcha_response\" value=\"\" \/>\n<\/fieldset>\n<h2>CONT\u00c1CTANOS\n<\/h2>\n<p><span class=\"wpcf7-form-control-wrap\" data-name=\"nombre\"><input size=\"40\" maxlength=\"400\" class=\"wpcf7-form-control wpcf7-text wpcf7-validates-as-required cajoncontacto\" aria-required=\"true\" aria-invalid=\"false\" placeholder=\"Nombre\" value=\"\" type=\"text\" name=\"nombre\" \/><\/span><br \/>\n<span class=\"wpcf7-form-control-wrap\" data-name=\"Tel\"><input size=\"40\" maxlength=\"400\" class=\"wpcf7-form-control wpcf7-text wpcf7-validates-as-required cajoncontacto\" aria-required=\"true\" aria-invalid=\"false\" placeholder=\"Tel\" value=\"\" type=\"text\" name=\"Tel\" \/><\/span><br \/>\n<span class=\"wpcf7-form-control-wrap\" data-name=\"email\"><input size=\"40\" maxlength=\"400\" class=\"wpcf7-form-control wpcf7-text wpcf7-validates-as-required cajoncontacto\" aria-required=\"true\" aria-invalid=\"false\" placeholder=\"Email\" value=\"\" type=\"text\" name=\"email\" \/><\/span><br \/>\n<span class=\"wpcf7-form-control-wrap\" data-name=\"solicitud\"><input size=\"40\" maxlength=\"400\" class=\"wpcf7-form-control wpcf7-text wpcf7-validates-as-required cajoncontacto\" aria-required=\"true\" aria-invalid=\"false\" placeholder=\"Solicitud\" value=\"\" type=\"text\" name=\"solicitud\" \/><\/span><br \/>\n<input class=\"wpcf7-form-control wpcf7-submit has-spinner\" type=\"submit\" value=\"Enviar\" \/>\n<\/p><div class=\"wpcf7-response-output\" aria-hidden=\"true\"><\/div>\n<\/form>\n<\/div>\n<\/div><\/div><\/div><\/div><\/div><\/div><\/div><\/div>\n<\/div>","protected":false},"excerpt":{"rendered":"LL\u00c1MENOS Tel.: (601) 6363139 M\u00f3vil: 310 6745738 \u00a0 \u00a0310 7807490 Calle 69 B No. 69 A 23 Bogot\u00e1 - Colombia teleprisma.av@gmail.com teleprismapromocionales.com CONT\u00c1CTANOS","protected":false},"author":1,"featured_media":0,"parent":0,"menu_order":0,"comment_status":"closed","ping_status":"closed","template":"","meta":{"footnotes":""},"class_list":["post-1724","page","type-page","status-publish","hentry"],"yoast_head":"<!-- This site is optimized with the Yoast SEO plugin v25.7 - https:\/\/yoast.com\/wordpress\/plugins\/seo\/ -->\n<title>Contacto Teleprisma - ArtIculos Promocionales, Merchandising y Regalos Empresariales<\/title>\n<meta name=\"description\" content=\"Art\u00edculos promocionales, Merchandising, Regalos Empresariales, Bioseguridad, Ropa, Publicidad, Impresi\u00f3n Digital y Litogr\u00e1fica.\" \/>\n<meta name=\"robots\" content=\"index, follow, max-snippet:-1, max-image-preview:large, max-video-preview:-1\" \/>\n<link rel=\"canonical\" href=\"https:\/\/teleprismapromocionales.com.co\/?page_id=1724\" \/>\n<meta property=\"og:locale\" content=\"es_ES\" \/>\n<meta property=\"og:type\" content=\"article\" \/>\n<meta property=\"og:title\" content=\"Contacto Teleprisma - ArtIculos Promocionales, Merchandising y Regalos Empresariales\" \/>\n<meta property=\"og:description\" content=\"Art\u00edculos promocionales, Merchandising, Regalos Empresariales, Bioseguridad, Ropa, Publicidad, Impresi\u00f3n Digital y Litogr\u00e1fica.\" \/>\n<meta property=\"og:url\" content=\"https:\/\/teleprismapromocionales.com.co\/?page_id=1724\" \/>\n<meta property=\"og:site_name\" content=\"ArtIculos Promocionales, Merchandising y Regalos Empresariales\" \/>\n<meta property=\"article:publisher\" content=\"https:\/\/www.facebook.com\/Teleprisma-SAS-104012264626964\/\" \/>\n<meta property=\"article:modified_time\" content=\"2023-04-17T12:54:43+00:00\" \/>\n<meta property=\"og:image\" content=\"https:\/\/teleprismapromocionales.co\/wp-content\/uploads\/2022\/08\/124034-300x300.png\" \/>\n<meta name=\"twitter:card\" content=\"summary_large_image\" \/>\n<meta name=\"twitter:label1\" content=\"Tiempo de lectura\" \/>\n\t<meta name=\"twitter:data1\" content=\"1 minuto\" \/>\n<script type=\"application\/ld+json\" class=\"yoast-schema-graph\">{\"@context\":\"https:\/\/schema.org\",\"@graph\":[{\"@type\":\"WebPage\",\"@id\":\"https:\/\/teleprismapromocionales.com.co\/?page_id=1724\",\"url\":\"https:\/\/teleprismapromocionales.com.co\/?page_id=1724\",\"name\":\"Contacto Teleprisma - ArtIculos Promocionales, Merchandising y Regalos Empresariales\",\"isPartOf\":{\"@id\":\"https:\/\/teleprismapromocionales.com.co\/#website\"},\"primaryImageOfPage\":{\"@id\":\"https:\/\/teleprismapromocionales.com.co\/?page_id=1724#primaryimage\"},\"image\":{\"@id\":\"https:\/\/teleprismapromocionales.com.co\/?page_id=1724#primaryimage\"},\"thumbnailUrl\":\"https:\/\/teleprismapromocionales.co\/wp-content\/uploads\/2022\/08\/124034-300x300.png\",\"datePublished\":\"2019-01-03T08:08:27+00:00\",\"dateModified\":\"2023-04-17T12:54:43+00:00\",\"description\":\"Art\u00edculos promocionales, Merchandising, Regalos Empresariales, Bioseguridad, Ropa, Publicidad, Impresi\u00f3n Digital y Litogr\u00e1fica.\",\"breadcrumb\":{\"@id\":\"https:\/\/teleprismapromocionales.com.co\/?page_id=1724#breadcrumb\"},\"inLanguage\":\"es-CO\",\"potentialAction\":[{\"@type\":\"ReadAction\",\"target\":[\"https:\/\/teleprismapromocionales.com.co\/?page_id=1724\"]}]},{\"@type\":\"ImageObject\",\"inLanguage\":\"es-CO\",\"@id\":\"https:\/\/teleprismapromocionales.com.co\/?page_id=1724#primaryimage\",\"url\":\"https:\/\/teleprismapromocionales.co\/wp-content\/uploads\/2022\/08\/124034-300x300.png\",\"contentUrl\":\"https:\/\/teleprismapromocionales.co\/wp-content\/uploads\/2022\/08\/124034-300x300.png\"},{\"@type\":\"BreadcrumbList\",\"@id\":\"https:\/\/teleprismapromocionales.com.co\/?page_id=1724#breadcrumb\",\"itemListElement\":[{\"@type\":\"ListItem\",\"position\":1,\"name\":\"Home\",\"item\":\"https:\/\/teleprismapromocionales.com.co\/\"},{\"@type\":\"ListItem\",\"position\":2,\"name\":\"Contacto Teleprisma\"}]},{\"@type\":\"WebSite\",\"@id\":\"https:\/\/teleprismapromocionales.com.co\/#website\",\"url\":\"https:\/\/teleprismapromocionales.com.co\/\",\"name\":\"ArtIculos Promocionales, Merchandising y Regalos Empresariales\",\"description\":\"Art\u00edculos Promocionales, Merchandising, ropa publicitaria, Dummies, Piezas POP, Regalos Empresariales e Impresi\u00f3n Digital y Litogr\u00e1fica\",\"publisher\":{\"@id\":\"https:\/\/teleprismapromocionales.com.co\/#organization\"},\"potentialAction\":[{\"@type\":\"SearchAction\",\"target\":{\"@type\":\"EntryPoint\",\"urlTemplate\":\"https:\/\/teleprismapromocionales.com.co\/?s={search_term_string}\"},\"query-input\":{\"@type\":\"PropertyValueSpecification\",\"valueRequired\":true,\"valueName\":\"search_term_string\"}}],\"inLanguage\":\"es-CO\"},{\"@type\":\"Organization\",\"@id\":\"https:\/\/teleprismapromocionales.com.co\/#organization\",\"name\":\"Teleprisma promocionales\",\"url\":\"https:\/\/teleprismapromocionales.com.co\/\",\"logo\":{\"@type\":\"ImageObject\",\"inLanguage\":\"es-CO\",\"@id\":\"https:\/\/teleprismapromocionales.com.co\/#\/schema\/logo\/image\/\",\"url\":\"https:\/\/teleprismapromocionales.com\/wp-content\/uploads\/2019\/12\/logo.png\",\"contentUrl\":\"https:\/\/teleprismapromocionales.com\/wp-content\/uploads\/2019\/12\/logo.png\",\"width\":202,\"height\":50,\"caption\":\"Teleprisma promocionales\"},\"image\":{\"@id\":\"https:\/\/teleprismapromocionales.com.co\/#\/schema\/logo\/image\/\"},\"sameAs\":[\"https:\/\/www.facebook.com\/Teleprisma-SAS-104012264626964\/\"]}]}<\/script>\n<!-- \/ Yoast SEO plugin. -->","yoast_head_json":{"title":"Contacto Teleprisma - ArtIculos Promocionales, Merchandising y Regalos Empresariales","description":"Art\u00edculos promocionales, Merchandising, Regalos Empresariales, Bioseguridad, Ropa, Publicidad, Impresi\u00f3n Digital y Litogr\u00e1fica.","robots":{"index":"index","follow":"follow","max-snippet":"max-snippet:-1","max-image-preview":"max-image-preview:large","max-video-preview":"max-video-preview:-1"},"canonical":"https:\/\/teleprismapromocionales.com.co\/?page_id=1724","og_locale":"es_ES","og_type":"article","og_title":"Contacto Teleprisma - ArtIculos Promocionales, Merchandising y Regalos Empresariales","og_description":"Art\u00edculos promocionales, Merchandising, Regalos Empresariales, Bioseguridad, Ropa, Publicidad, Impresi\u00f3n Digital y Litogr\u00e1fica.","og_url":"https:\/\/teleprismapromocionales.com.co\/?page_id=1724","og_site_name":"ArtIculos Promocionales, Merchandising y Regalos Empresariales","article_publisher":"https:\/\/www.facebook.com\/Teleprisma-SAS-104012264626964\/","article_modified_time":"2023-04-17T12:54:43+00:00","og_image":[{"url":"https:\/\/teleprismapromocionales.co\/wp-content\/uploads\/2022\/08\/124034-300x300.png","type":"","width":"","height":""}],"twitter_card":"summary_large_image","twitter_misc":{"Tiempo de lectura":"1 minuto"},"schema":{"@context":"https:\/\/schema.org","@graph":[{"@type":"WebPage","@id":"https:\/\/teleprismapromocionales.com.co\/?page_id=1724","url":"https:\/\/teleprismapromocionales.com.co\/?page_id=1724","name":"Contacto Teleprisma - ArtIculos Promocionales, Merchandising y Regalos Empresariales","isPartOf":{"@id":"https:\/\/teleprismapromocionales.com.co\/#website"},"primaryImageOfPage":{"@id":"https:\/\/teleprismapromocionales.com.co\/?page_id=1724#primaryimage"},"image":{"@id":"https:\/\/teleprismapromocionales.com.co\/?page_id=1724#primaryimage"},"thumbnailUrl":"https:\/\/teleprismapromocionales.co\/wp-content\/uploads\/2022\/08\/124034-300x300.png","datePublished":"2019-01-03T08:08:27+00:00","dateModified":"2023-04-17T12:54:43+00:00","description":"Art\u00edculos promocionales, Merchandising, Regalos Empresariales, Bioseguridad, Ropa, Publicidad, Impresi\u00f3n Digital y Litogr\u00e1fica.","breadcrumb":{"@id":"https:\/\/teleprismapromocionales.com.co\/?page_id=1724#breadcrumb"},"inLanguage":"es-CO","potentialAction":[{"@type":"ReadAction","target":["https:\/\/teleprismapromocionales.com.co\/?page_id=1724"]}]},{"@type":"ImageObject","inLanguage":"es-CO","@id":"https:\/\/teleprismapromocionales.com.co\/?page_id=1724#primaryimage","url":"https:\/\/teleprismapromocionales.co\/wp-content\/uploads\/2022\/08\/124034-300x300.png","contentUrl":"https:\/\/teleprismapromocionales.co\/wp-content\/uploads\/2022\/08\/124034-300x300.png"},{"@type":"BreadcrumbList","@id":"https:\/\/teleprismapromocionales.com.co\/?page_id=1724#breadcrumb","itemListElement":[{"@type":"ListItem","position":1,"name":"Home","item":"https:\/\/teleprismapromocionales.com.co\/"},{"@type":"ListItem","position":2,"name":"Contacto Teleprisma"}]},{"@type":"WebSite","@id":"https:\/\/teleprismapromocionales.com.co\/#website","url":"https:\/\/teleprismapromocionales.com.co\/","name":"ArtIculos Promocionales, Merchandising y Regalos Empresariales","description":"Art\u00edculos Promocionales, Merchandising, ropa publicitaria, Dummies, Piezas POP, Regalos Empresariales e Impresi\u00f3n Digital y Litogr\u00e1fica","publisher":{"@id":"https:\/\/teleprismapromocionales.com.co\/#organization"},"potentialAction":[{"@type":"SearchAction","target":{"@type":"EntryPoint","urlTemplate":"https:\/\/teleprismapromocionales.com.co\/?s={search_term_string}"},"query-input":{"@type":"PropertyValueSpecification","valueRequired":true,"valueName":"search_term_string"}}],"inLanguage":"es-CO"},{"@type":"Organization","@id":"https:\/\/teleprismapromocionales.com.co\/#organization","name":"Teleprisma promocionales","url":"https:\/\/teleprismapromocionales.com.co\/","logo":{"@type":"ImageObject","inLanguage":"es-CO","@id":"https:\/\/teleprismapromocionales.com.co\/#\/schema\/logo\/image\/","url":"https:\/\/teleprismapromocionales.com\/wp-content\/uploads\/2019\/12\/logo.png","contentUrl":"https:\/\/teleprismapromocionales.com\/wp-content\/uploads\/2019\/12\/logo.png","width":202,"height":50,"caption":"Teleprisma promocionales"},"image":{"@id":"https:\/\/teleprismapromocionales.com.co\/#\/schema\/logo\/image\/"},"sameAs":["https:\/\/www.facebook.com\/Teleprisma-SAS-104012264626964\/"]}]}},"_links":{"self":[{"href":"https:\/\/teleprismapromocionales.com.co\/index.php?rest_route=\/wp\/v2\/pages\/1724","targetHints":{"allow":["GET"]}}],"collection":[{"href":"https:\/\/teleprismapromocionales.com.co\/index.php?rest_route=\/wp\/v2\/pages"}],"about":[{"href":"https:\/\/teleprismapromocionales.com.co\/index.php?rest_route=\/wp\/v2\/types\/page"}],"author":[{"embeddable":true,"href":"https:\/\/teleprismapromocionales.com.co\/index.php?rest_route=\/wp\/v2\/users\/1"}],"replies":[{"embeddable":true,"href":"https:\/\/teleprismapromocionales.com.co\/index.php?rest_route=%2Fwp%2Fv2%2Fcomments&post=1724"}],"version-history":[{"count":0,"href":"https:\/\/teleprismapromocionales.com.co\/index.php?rest_route=\/wp\/v2\/pages\/1724\/revisions"}],"wp:attachment":[{"href":"https:\/\/teleprismapromocionales.com.co\/index.php?rest_route=%2Fwp%2Fv2%2Fmedia&parent=1724"}],"curies":[{"name":"wp","href":"https:\/\/api.w.org\/{rel}","templated":true}]}}